{"id":3484,"date":"2025-12-01T14:02:28","date_gmt":"2025-12-01T14:02:28","guid":{"rendered":"https:\/\/www.homecarealgarve.com\/?page_id=3484"},"modified":"2025-12-03T10:28:58","modified_gmt":"2025-12-03T10:28:58","slug":"carreiras-em-apoio-domiciliario-no-algarve","status":"publish","type":"page","link":"https:\/\/www.homecarealgarve.com\/pt-pt\/carreiras-em-apoio-domiciliario-no-algarve\/","title":{"rendered":"Carreiras"},"content":{"rendered":"[vc_row srcare_custom_class=&#8221;section-content-block&#8221; wiz_custom_class=&#8221;section-content-block section-cta&#8221; el_class=&#8221;no-bottom-padding&#8221;][vc_column]<div class=\"row\" >\r\n<div class=\"col-md-6 col-sm-6 col-xs-12 \">\r\n  <div class=\"gallery-box\">\r\n    <img loading=\"lazy\" decoding=\"async\" width=\"2560\" height=\"1707\" src=\"https:\/\/www.homecarealgarve.com\/wp-content\/uploads\/2021\/10\/4-2-scaled.jpg\" class=\"attachment-full size-full\" alt=\"\" srcset=\"https:\/\/www.homecarealgarve.com\/wp-content\/uploads\/2021\/10\/4-2-scaled.jpg 2560w, https:\/\/www.homecarealgarve.com\/wp-content\/uploads\/2021\/10\/4-2-300x200.jpg 300w, https:\/\/www.homecarealgarve.com\/wp-content\/uploads\/2021\/10\/4-2-1024x683.jpg 1024w, https:\/\/www.homecarealgarve.com\/wp-content\/uploads\/2021\/10\/4-2-768x512.jpg 768w, https:\/\/www.homecarealgarve.com\/wp-content\/uploads\/2021\/10\/4-2-1536x1024.jpg 1536w, https:\/\/www.homecarealgarve.com\/wp-content\/uploads\/2021\/10\/4-2-2048x1365.jpg 2048w, https:\/\/www.homecarealgarve.com\/wp-content\/uploads\/2021\/10\/4-2-645x430.jpg 645w, https:\/\/www.homecarealgarve.com\/wp-content\/uploads\/2021\/10\/4-2-1320x880.jpg 1320w, https:\/\/www.homecarealgarve.com\/wp-content\/uploads\/2021\/10\/4-2-600x400.jpg 600w\" sizes=\"auto, (max-width: 2560px) 100vw, 2560px\" \/>    <ul class=\"gallery-icon-container\">\r\n      <li>\r\n        <a class=\"gallery-light-box\" data-gall=\"myGallery\" href=\"https:\/\/www.homecarealgarve.com\/wp-content\/uploads\/2021\/10\/4-2-scaled.jpg\">\r\n          <i class=\"fa fa-instagram\"><\/i>\r\n        <\/a>\r\n      <\/li>\r\n    <\/ul>\r\n  <\/div>\r\n<\/div>\r\n\r\n\r\n<div class=\"col-md-6 col-sm-6 col-xs-12 \">\r\n  <div class=\"gallery-box\">\r\n    <img loading=\"lazy\" decoding=\"async\" width=\"2121\" height=\"1414\" src=\"https:\/\/www.homecarealgarve.com\/wp-content\/uploads\/2021\/10\/16-1.jpg\" class=\"attachment-full size-full\" alt=\"\" srcset=\"https:\/\/www.homecarealgarve.com\/wp-content\/uploads\/2021\/10\/16-1.jpg 2121w, https:\/\/www.homecarealgarve.com\/wp-content\/uploads\/2021\/10\/16-1-300x200.jpg 300w, https:\/\/www.homecarealgarve.com\/wp-content\/uploads\/2021\/10\/16-1-1024x683.jpg 1024w, https:\/\/www.homecarealgarve.com\/wp-content\/uploads\/2021\/10\/16-1-768x512.jpg 768w, https:\/\/www.homecarealgarve.com\/wp-content\/uploads\/2021\/10\/16-1-1536x1024.jpg 1536w, https:\/\/www.homecarealgarve.com\/wp-content\/uploads\/2021\/10\/16-1-2048x1365.jpg 2048w, https:\/\/www.homecarealgarve.com\/wp-content\/uploads\/2021\/10\/16-1-645x430.jpg 645w, https:\/\/www.homecarealgarve.com\/wp-content\/uploads\/2021\/10\/16-1-1320x880.jpg 1320w, https:\/\/www.homecarealgarve.com\/wp-content\/uploads\/2021\/10\/16-1-600x400.jpg 600w\" sizes=\"auto, (max-width: 2121px) 100vw, 2121px\" \/>    <ul class=\"gallery-icon-container\">\r\n      <li>\r\n        <a class=\"gallery-light-box\" data-gall=\"myGallery\" href=\"https:\/\/www.homecarealgarve.com\/wp-content\/uploads\/2021\/10\/16-1.jpg\">\r\n          <i class=\"fa fa-instagram\"><\/i>\r\n        <\/a>\r\n      <\/li>\r\n    <\/ul>\r\n  <\/div>\r\n<\/div>\r\n\r\n<\/div>[vc_column_text]\n<h2><strong>Construa uma Carreira Significativa no Apoio Domicili\u00e1rio com a Home Care Algarve<\/strong><\/h2>\n<h4>Todos os dias, os nossos cuidadores fazem a diferen\u00e7a na vida das pessoas em todo o Algarve.<\/h4>\n<p>A Home Care Algarve \u00e9 uma empresa de apoio domicili\u00e1rio centrado na pessoa; comprometida em apoiar tanto os nossos clientes como a nossa equipa com respeito, dignidade e compaix\u00e3o. \u00c0 medida que continuamos a crescer, procuramos indiv\u00edduos cuidadosos e respons\u00e1veis que desejem construir uma carreira significativa no apoio domicili\u00e1rio.<\/p>\n<p>N\u00e3o \u00e9 necess\u00e1ria experi\u00eancia &#8211; apenas paix\u00e3o por ajudar os outros. Oferecemos forma\u00e7\u00e3o interna completa que abrange todos os n\u00edveis de apoio, desde suporte b\u00e1sico at\u00e9 compet\u00eancias avan\u00e7adas, garantindo que cada membro da equipa se sinta confiante e preparado.[\/vc_column_text][\/vc_column][\/vc_row][vc_row srcare_custom_class=&#8221;section-content-block&#8221; wiz_custom_class=&#8221;section-content-block section-cta&#8221; css=&#8221;.vc_custom_1764665337563{background-color: #edf0f2 !important;}&#8221; el_class=&#8221;no-bottom-padding conc-sec&#8221;][vc_column][vc_row_inner][vc_column_inner]<div class=\"col-lg-7 col-md-7 col-sm-12 text-left simple-list cta-layout-4\">\r\n                            <h2>Percurso & Progress\u00e3o na Carreira<\/h2>\r\n                            <p>Na Home Care Algarve estamos comprometidos em ajudar a nossa equipa a prosperar. Os novos membros s\u00e3o acompanhados atrav\u00e9s de um quadro de progress\u00e3o claro, assegurando apoio e crescimento em cada etapa:<\/p>\n<ul>\n<li><strong>Assistente de Apoio Domicili\u00e1rio<\/strong> \u2013 para quem est\u00e1 a come\u00e7ar, com forma\u00e7\u00e3o e apoio completos<\/li>\n<li><strong>Cuidador S\u00e9nior <\/strong> \u2013 responsabilidades avan\u00e7adas e lideran\u00e7a no apoio ao cliente<\/li>\n<li><strong>Coordenador de Apoio Domicili\u00e1rio<\/strong> \u2013 supervis\u00e3o da presta\u00e7\u00e3o de apoio, planeamento e apoio \u00e0 equipa<\/li>\n<\/ul>\n<p><\/p>\r\n                            <a href=\"https:\/\/www.homecarealgarve.com\/pt-pt\/carreiras-em-apoio-domiciliario-no-algarve\/#careerForm\" class=\"btn btn-theme\">INSCREVE-SE<\/a>\r\n                        <\/div>\r\n                        \r\n                        <div class=\"col-lg-5 col-md-5 hidden-sm hidden-xs\">\r\n                            <figure class=\"cta-img\">\r\n                                <img decoding=\"async\" src=\"https:\/\/www.homecarealgarve.com\/wp-content\/uploads\/2021\/10\/cta_img_1.png\" alt=\"image\" \/>\r\n                            <\/figure> <!-- end .cause-img  -->\r\n                        <\/div>[\/vc_column_inner][\/vc_row_inner][\/vc_column][\/vc_row][vc_row el_class=&#8221;margin-fifteen&#8221;][vc_column][vc_column_text]\n<h4><strong>O Que Oferecemos<\/strong><\/h4>\n<ul>\n<li>Forma\u00e7\u00e3o interna para todos os n\u00edveis de apoio domicili\u00e1rio<\/li>\n<li>Um ambiente de trabalho centrado na pessoa e de apoio<\/li>\n<li>Desenvolvimento profissional cont\u00ednuo<\/li>\n<li>Um percurso estruturado para fazer evoluir a sua carreira<\/li>\n<\/ul>\n<h4><strong>Quem Procuramos<\/strong><\/h4>\n<ul>\n<li>Pessoas que valorizem a compaix\u00e3o e coloquem os outros em primeiro lugar<\/li>\n<li>Colaboradores fi\u00e9is, dedicados e respons\u00e1veis<\/li>\n<li>Pessoas motivadas para aprender, crescer e fazer uma verdadeira diferen\u00e7a<\/li>\n<\/ul>\n<h4>Se deseja construir uma carreira gratificante com progress\u00e3o genu\u00edna, gostar\u00edamos muito de ouvir falar de si.<\/h4>\n[\/vc_column_text][\/vc_column][\/vc_row][vc_row srcare_custom_class=&#8221;section-content-block&#8221; css=&#8221;.vc_custom_1764597115511{padding-bottom: 0px !important;background-image: url(https:\/\/wp.bwlthemes.com\/wp_srcare\/wp-content\/uploads\/2018\/01\/appointment_bg.jpg?id=2273) !important;background-position: center !important;background-repeat: no-repeat !important;background-size: cover !important;}&#8221; el_class=&#8221;appointment-form-row contact-form-dv&#8221; el_id=&#8221;careerForm&#8221;][vc_column width=&#8221;1\/2&#8243; css=&#8221;.vc_custom_1633702247483{margin-top: 0px !important;margin-right: 0px !important;margin-bottom: 0px !important;margin-left: 0px !important;border-top-width: 0px !important;border-right-width: 0px !important;border-bottom-width: 0px !important;border-left-width: 0px !important;padding-top: 0px !important;padding-right: 0px !important;padding-bottom: 0px !important;padding-left: 0px !important;background-position: 0 0 !important;background-repeat: no-repeat !important;}&#8221; el_class=&#8221;section-heading-wrapper section-heading-wrapper-alt inline-heading-style&#8221; offset=&#8221;vc_col-lg-offset-0 vc_col-lg-6 vc_col-md-offset-0 vc_col-md-12 vc_col-sm-offset-0 vc_col-xs-12&#8243;][vc_row_inner el_class=&#8221;contact-details&#8221;][vc_column_inner offset=&#8221;vc_col-xs-12&#8243;][vc_column_text][\/vc_column_text][vc_column_text]\n<h2 class=\"margin-top-70\"><strong class=\"text-curly text-curly-no-italic text-primary-color\">Candidate-se hoje!<\/strong><br \/>\nPreencha o formul\u00e1rio de contacto para iniciar a sua jornada no apoio domicili\u00e1rio.<\/h2>\n<p>Como alternativa, ligue-nos AGORA para o +351 966 091 967[\/vc_column_text][vc_single_image image=&#8221;3086&#8243; img_size=&#8221;full&#8221; css_animation=&#8221;slideInLeft&#8221; el_class=&#8221;pull-right contact-icon-animated&#8221;][\/vc_column_inner][\/vc_row_inner][vc_row_inner disable_element=&#8221;yes&#8221; el_class=&#8221;checkout-details&#8221;][vc_column_inner][vc_column_text el_class=&#8221;checkout-details&#8221;]I agree that Home Care Algarve may retain and process my information in accordance with the <u>Privacy Policy<\/u>\u00a0 <input id=\"rememberme\" class=\"woocommerce-form__input woocommerce-form__input-checkbox\" name=\"rememberme\" type=\"checkbox\" value=\"forever\" \/>[\/vc_column_text][\/vc_column_inner][\/vc_row_inner][\/vc_column][vc_column css_animation=&#8221;appear&#8221; width=&#8221;1\/2&#8243; offset=&#8221;vc_col-lg-offset-0 vc_col-lg-6 vc_col-md-offset-0 vc_col-md-12 vc_col-sm-offset-3 vc_col-xs-12&#8243;][vc_column_text]\n<div class=\"wpcf7 no-js\" id=\"wpcf7-f3492-o1\" lang=\"en-US\" dir=\"ltr\" data-wpcf7-id=\"3492\">\n<div class=\"screen-reader-response\"><p role=\"status\" aria-live=\"polite\" aria-atomic=\"true\"><\/p> <ul><\/ul><\/div>\n<form action=\"\/pt-pt\/wp-json\/wp\/v2\/pages\/3484#wpcf7-f3492-o1\" method=\"post\" class=\"wpcf7-form init srcare-appointment-form\" aria-label=\"Contact form\" novalidate=\"novalidate\" data-status=\"init\">\n<fieldset class=\"hidden-fields-container\"><input type=\"hidden\" name=\"_wpcf7\" value=\"3492\" \/><input type=\"hidden\" name=\"_wpcf7_version\" value=\"6.1.5\" \/><input type=\"hidden\" name=\"_wpcf7_locale\" value=\"en_US\" \/><input type=\"hidden\" name=\"_wpcf7_unit_tag\" value=\"wpcf7-f3492-o1\" \/><input type=\"hidden\" name=\"_wpcf7_container_post\" value=\"0\" \/><input type=\"hidden\" name=\"_wpcf7_posted_data_hash\" value=\"\" \/><input type=\"hidden\" name=\"_wpcf7_recaptcha_response\" value=\"\" \/>\n<\/fieldset>\n<div class=\"appointment-form-wrapper text-center clearfix\">\n\t<div class=\"row\">\n\t\t<div class=\"col-md-12\">\n\t\t\t<p><span class=\"wpcf7-form-control-wrap\" data-name=\"customer-name\"><input size=\"40\" maxlength=\"400\" class=\"wpcf7-form-control wpcf7-text wpcf7-validates-as-required\" aria-required=\"true\" aria-invalid=\"false\" placeholder=\"Nome completo\" value=\"\" type=\"text\" name=\"customer-name\" \/><\/span><span class=\"fa fa-user-o\"><\/span>\n\t\t\t<\/p>\n\t\t<\/div>\n\t\t<div class=\"col-md-12\">\n\t\t\t<p><span class=\"wpcf7-form-control-wrap\" data-name=\"customer-email\"><input size=\"40\" maxlength=\"400\" class=\"wpcf7-form-control wpcf7-email wpcf7-validates-as-required wpcf7-text wpcf7-validates-as-email\" aria-required=\"true\" aria-invalid=\"false\" placeholder=\"Email\" value=\"\" type=\"email\" name=\"customer-email\" \/><\/span><i class=\"fa fa-envelope-o\"><\/i>\n\t\t\t<\/p>\n\t\t<\/div>\n\t<\/div>\n\t<div class=\"row\">\n\t\t<div class=\"col-md-12\">\n\t\t\t<p><span class=\"wpcf7-form-control-wrap\" data-name=\"customer-phone\"><input size=\"40\" maxlength=\"400\" class=\"wpcf7-form-control wpcf7-text wpcf7-validates-as-required\" aria-required=\"true\" aria-invalid=\"false\" placeholder=\"Telefone\" value=\"\" type=\"text\" name=\"customer-phone\" \/><\/span><i class=\"fa fa-phone\"><\/i>\n\t\t\t<\/p>\n\t\t<\/div>\n\t<\/div>\n\t<div class=\"row\">\n\t\t<div class=\"col-md-12\">\n\t\t\t<p><span class=\"wpcf7-form-control-wrap\" data-name=\"customer-nif\"><input size=\"40\" maxlength=\"400\" class=\"wpcf7-form-control wpcf7-text\" aria-invalid=\"false\" placeholder=\"NIF\" value=\"\" type=\"text\" name=\"customer-nif\" \/><\/span><i class=\"fa fa-phone\"><\/i>\n\t\t\t<\/p>\n\t\t<\/div>\n\t<\/div>\n\t<div class=\"row\">\n\t\t<div class=\"col-md-12\">\n\t\t\t<p><span class=\"wpcf7-form-control-wrap\" data-name=\"customer-message\"><textarea cols=\"40\" rows=\"4\" maxlength=\"2000\" class=\"wpcf7-form-control wpcf7-textarea wpcf7-validates-as-required\" aria-required=\"true\" aria-invalid=\"false\" placeholder=\"Mensagem\" name=\"customer-message\"><\/textarea><\/span>\n\t\t\t<\/p>\n\t\t<\/div>\n\t\t<div class=\"col-md-12 text-left\">\n\t\t\t<p><span class=\"wpcf7-form-control-wrap\" data-name=\"checkbox-confirm\"><span class=\"wpcf7-form-control wpcf7-checkbox wpcf7-validates-as-required form-checkbox-cus\"><span class=\"wpcf7-list-item first last\"><label><input type=\"checkbox\" name=\"checkbox-confirm[]\" value=\"Confirmo que estou legalmente autorizado(a) a trabalhar em Portugal\" \/><span class=\"wpcf7-list-item-label\">Confirmo que estou legalmente autorizado(a) a trabalhar em Portugal<\/span><\/label><\/span><\/span><\/span>\n\t\t\t<\/p>\n\t\t<\/div>\n\t\t<div class=\"col-md-12\" style=\"margin-bottom: 20px;\">\n\t\t\t<p><span class=\"wpcf7-form-control-wrap\" data-name=\"checkbox-341\"><span class=\"wpcf7-form-control wpcf7-checkbox wpcf7-validates-as-required form-checkbox-cus\"><span class=\"wpcf7-list-item first last\"><label><input type=\"checkbox\" name=\"checkbox-341[]\" value=\"Concordo que a Home Care Algarve possa conservar e processar os meus dados de acordo com a Pol\u00edtica de Privacidade\" \/><span class=\"wpcf7-list-item-label\">Concordo que a Home Care Algarve possa conservar e processar os meus dados de acordo com a Pol\u00edtica de Privacidade<\/span><\/label><\/span><\/span><\/span>\n\t\t\t<\/p>\n\t\t<\/div>\n\t\t<div class=\"col-md-12\">\n\t\t<span class=\"wpcf7-form-control-wrap recaptcha\" data-name=\"recaptcha\"><span data-sitekey=\"6Ldk_oUpAAAAAHb-osH1wg8v7y385cVB0_q8sIG7\" class=\"wpcf7-form-control wpcf7-recaptcha g-recaptcha\"><\/span>\r\n<noscript>\r\n\t<div class=\"grecaptcha-noscript\">\r\n\t\t<iframe loading=\"lazy\" src=\"https:\/\/www.google.com\/recaptcha\/api\/fallback?k=6Ldk_oUpAAAAAHb-osH1wg8v7y385cVB0_q8sIG7\" frameborder=\"0\" scrolling=\"no\" width=\"310\" height=\"430\">\r\n\t\t<\/iframe>\r\n\t\t<textarea name=\"g-recaptcha-response\" rows=\"3\" cols=\"40\" placeholder=\"reCaptcha Response Here\">\r\n\t\t<\/textarea>\r\n\t<\/div>\r\n<\/noscript>\r\n<\/span>\n\t\t<\/div>\n\t\t<div class=\"col-md-12\">\n\t\t\t<p><input class=\"wpcf7-form-control wpcf7-submit has-spinner btn-theme\" type=\"submit\" value=\"ENVIAR MENSAGEM\" \/>\n\t\t\t<\/p>\n\t\t<\/div>\n\t<\/div>\n<\/div><div class=\"wpcf7-response-output\" aria-hidden=\"true\"><\/div>\n<\/form>\n<\/div>\n[\/vc_column_text][\/vc_column][\/vc_row]\n","protected":false},"excerpt":{"rendered":"<p>[vc_row srcare_custom_class=&#8221;section-content-block&#8221; wiz_custom_class=&#8221;section-content-block section-cta&#8221; el_class=&#8221;no-bottom-padding&#8221;][vc_column][vc_column_text] Construa uma Carreira Significativa no Apoio Domicili\u00e1rio com a Home Care Algarve Todos os dias, os nossos cuidadores fazem a diferen\u00e7a na vida das pessoas [&hellip;]<\/p>\n","protected":false},"author":1,"featured_media":0,"parent":0,"menu_order":0,"comment_status":"closed","ping_status":"closed","template":"template-fullwidth.php","meta":{"footnotes":""},"class_list":["post-3484","page","type-page","status-publish","hentry"],"jetpack_sharing_enabled":true,"_links":{"self":[{"href":"https:\/\/www.homecarealgarve.com\/pt-pt\/wp-json\/wp\/v2\/pages\/3484","targetHints":{"allow":["GET"]}}],"collection":[{"href":"https:\/\/www.homecarealgarve.com\/pt-pt\/wp-json\/wp\/v2\/pages"}],"about":[{"href":"https:\/\/www.homecarealgarve.com\/pt-pt\/wp-json\/wp\/v2\/types\/page"}],"author":[{"embeddable":true,"href":"https:\/\/www.homecarealgarve.com\/pt-pt\/wp-json\/wp\/v2\/users\/1"}],"replies":[{"embeddable":true,"href":"https:\/\/www.homecarealgarve.com\/pt-pt\/wp-json\/wp\/v2\/comments?post=3484"}],"version-history":[{"count":19,"href":"https:\/\/www.homecarealgarve.com\/pt-pt\/wp-json\/wp\/v2\/pages\/3484\/revisions"}],"predecessor-version":[{"id":3528,"href":"https:\/\/www.homecarealgarve.com\/pt-pt\/wp-json\/wp\/v2\/pages\/3484\/revisions\/3528"}],"wp:attachment":[{"href":"https:\/\/www.homecarealgarve.com\/pt-pt\/wp-json\/wp\/v2\/media?parent=3484"}],"curies":[{"name":"wp","href":"https:\/\/api.w.org\/{rel}","templated":true}]}}