{"id":3248,"date":"2021-10-13T12:08:08","date_gmt":"2021-10-13T12:08:08","guid":{"rendered":"https:\/\/www.homecarealgarve.com\/companion-care-plan\/"},"modified":"2021-10-14T11:37:57","modified_gmt":"2021-10-14T11:37:57","slug":"companion-care-plan","status":"publish","type":"page","link":"https:\/\/www.homecarealgarve.com\/pt-pt\/companion-care-plan\/","title":{"rendered":"Plano de Companhia"},"content":{"rendered":"[vc_row srcare_custom_class=&#8221;section-content-block&#8221; wiz_custom_class=&#8221;section-content-block section-cta&#8221; el_class=&#8221;no-bottom-padding&#8221;][vc_column]<div class=\"row\" >\r\n<div class=\"col-md-6 col-sm-6 col-xs-12 \">\r\n  <div class=\"gallery-box\">\r\n    <img loading=\"lazy\" decoding=\"async\" width=\"2560\" height=\"1707\" src=\"https:\/\/www.homecarealgarve.com\/wp-content\/uploads\/2021\/10\/4-scaled.jpg\" class=\"attachment-full size-full\" alt=\"\" srcset=\"https:\/\/www.homecarealgarve.com\/wp-content\/uploads\/2021\/10\/4-scaled.jpg 2560w, https:\/\/www.homecarealgarve.com\/wp-content\/uploads\/2021\/10\/4-300x200.jpg 300w, https:\/\/www.homecarealgarve.com\/wp-content\/uploads\/2021\/10\/4-1024x683.jpg 1024w, https:\/\/www.homecarealgarve.com\/wp-content\/uploads\/2021\/10\/4-768x512.jpg 768w, https:\/\/www.homecarealgarve.com\/wp-content\/uploads\/2021\/10\/4-1536x1024.jpg 1536w, https:\/\/www.homecarealgarve.com\/wp-content\/uploads\/2021\/10\/4-2048x1365.jpg 2048w, https:\/\/www.homecarealgarve.com\/wp-content\/uploads\/2021\/10\/4-645x430.jpg 645w, https:\/\/www.homecarealgarve.com\/wp-content\/uploads\/2021\/10\/4-1320x880.jpg 1320w, https:\/\/www.homecarealgarve.com\/wp-content\/uploads\/2021\/10\/4-600x400.jpg 600w\" sizes=\"auto, (max-width: 2560px) 100vw, 2560px\" \/>    <ul class=\"gallery-icon-container\">\r\n      <li>\r\n        <a class=\"gallery-light-box\" data-gall=\"myGallery\" href=\"https:\/\/www.homecarealgarve.com\/wp-content\/uploads\/2021\/10\/4-scaled.jpg\">\r\n          <i class=\"fa fa-instagram\"><\/i>\r\n        <\/a>\r\n      <\/li>\r\n    <\/ul>\r\n  <\/div>\r\n<\/div>\r\n\r\n\r\n<div class=\"col-md-6 col-sm-6 col-xs-12 \">\r\n  <div class=\"gallery-box\">\r\n    <img loading=\"lazy\" decoding=\"async\" width=\"2560\" height=\"1707\" src=\"https:\/\/www.homecarealgarve.com\/wp-content\/uploads\/2021\/10\/05-scaled.jpg\" class=\"attachment-full size-full\" alt=\"\" srcset=\"https:\/\/www.homecarealgarve.com\/wp-content\/uploads\/2021\/10\/05-scaled.jpg 2560w, https:\/\/www.homecarealgarve.com\/wp-content\/uploads\/2021\/10\/05-300x200.jpg 300w, https:\/\/www.homecarealgarve.com\/wp-content\/uploads\/2021\/10\/05-1024x683.jpg 1024w, https:\/\/www.homecarealgarve.com\/wp-content\/uploads\/2021\/10\/05-768x512.jpg 768w, https:\/\/www.homecarealgarve.com\/wp-content\/uploads\/2021\/10\/05-1536x1024.jpg 1536w, https:\/\/www.homecarealgarve.com\/wp-content\/uploads\/2021\/10\/05-2048x1365.jpg 2048w, https:\/\/www.homecarealgarve.com\/wp-content\/uploads\/2021\/10\/05-645x430.jpg 645w, https:\/\/www.homecarealgarve.com\/wp-content\/uploads\/2021\/10\/05-1320x880.jpg 1320w, https:\/\/www.homecarealgarve.com\/wp-content\/uploads\/2021\/10\/05-600x400.jpg 600w\" sizes=\"auto, (max-width: 2560px) 100vw, 2560px\" \/>    <ul class=\"gallery-icon-container\">\r\n      <li>\r\n        <a class=\"gallery-light-box\" data-gall=\"myGallery\" href=\"https:\/\/www.homecarealgarve.com\/wp-content\/uploads\/2021\/10\/05-scaled.jpg\">\r\n          <i class=\"fa fa-instagram\"><\/i>\r\n        <\/a>\r\n      <\/li>\r\n    <\/ul>\r\n  <\/div>\r\n<\/div>\r\n\r\n<\/div>[vc_column_text]O Plano de Companhia plano fornece o suporte necess\u00e1rio para cobrir uma ampla gama de tarefas b\u00e1sicas de cuidado. \u00c9 a escolha perfeita para quem precisa de ajuda para viver em seguran\u00e7a, paz e conforto em casa.<\/p>\n<p>O Plano ser\u00e1 personalizado de acordo com os tempos e as necessidades. Algumas horas por semana ou 24 horas por dia, 7 dias por semana. Deixe-nos saber as suas necessidades de companhia para elaborarmos o respetivo plano.<\/p>\n<h3>Este plano inclui:<\/h3>\n<ul>\n<li>Incentivar a conversa e a participa\u00e7\u00e3o do utente<\/li>\n<li>Participar em hobbies e interesses<\/li>\n<li>Realizar tarefas dom\u00e9sticas simples<\/li>\n<li>Preparar refei\u00e7\u00f5es<\/li>\n<li>Realizar recados v\u00e1rios<\/li>\n<li>Acompanhamento a eventos externos de lazer<\/li>\n<li>Leitura<\/li>\n<li>Atividades diversas<\/li>\n<li>Cuidado de animais dom\u00e9sticos<br \/>\ne mais<\/li>\n<\/ul>\n[\/vc_column_text][\/vc_column][\/vc_row][vc_row srcare_custom_class=&#8221;section-content-block&#8221; wiz_custom_class=&#8221;section-content-block section-cta&#8221; css=&#8221;.vc_custom_1633696815777{background-color: #edf0f2 !important;}&#8221; el_class=&#8221;no-bottom-padding&#8221;][vc_column][vc_row_inner][vc_column_inner]<div class=\"col-lg-7 col-md-7 col-sm-12 text-left  cta-layout-4\">\r\n                            <h2>Sabia?<br \/>\nNOSSOS\/AS CUIDADORES EST\u00c3O C\u00c1 PARA AJUDAR 7 DIAS POR SEMANA!<\/h2>\r\n                            <p>Sabemos que cuidar \u00e9 um compromisso, por isso estamos sempre c\u00e1 para o ajudar.<\/p>\r\n                            <a href=\"https:\/\/www.homecarealgarve.com\/pt-pt\/#home_contact\" class=\"btn btn-theme\">CONTACTE-NOS<\/a>\r\n                        <\/div>\r\n                        \r\n                        <div class=\"col-lg-5 col-md-5 hidden-sm hidden-xs\">\r\n                            <figure class=\"cta-img\">\r\n                                <img decoding=\"async\" src=\"https:\/\/www.homecarealgarve.com\/wp-content\/uploads\/2021\/10\/cta_img_1.png\" alt=\"image\" \/>\r\n                            <\/figure> <!-- end .cause-img  -->\r\n                        <\/div>[\/vc_column_inner][\/vc_row_inner][\/vc_column][\/vc_row]\n","protected":false},"excerpt":{"rendered":"<p>[vc_row srcare_custom_class=&#8221;section-content-block&#8221; wiz_custom_class=&#8221;section-content-block section-cta&#8221; el_class=&#8221;no-bottom-padding&#8221;][vc_column][vc_column_text]O Plano de Companhia plano fornece o suporte necess\u00e1rio para cobrir uma ampla gama de tarefas b\u00e1sicas de cuidado. \u00c9 a escolha perfeita para quem precisa [&hellip;]<\/p>\n","protected":false},"author":1,"featured_media":0,"parent":0,"menu_order":0,"comment_status":"closed","ping_status":"closed","template":"template-fullwidth.php","meta":{"footnotes":""},"class_list":["post-3248","page","type-page","status-publish","hentry"],"jetpack_sharing_enabled":true,"_links":{"self":[{"href":"https:\/\/www.homecarealgarve.com\/pt-pt\/wp-json\/wp\/v2\/pages\/3248","targetHints":{"allow":["GET"]}}],"collection":[{"href":"https:\/\/www.homecarealgarve.com\/pt-pt\/wp-json\/wp\/v2\/pages"}],"about":[{"href":"https:\/\/www.homecarealgarve.com\/pt-pt\/wp-json\/wp\/v2\/types\/page"}],"author":[{"embeddable":true,"href":"https:\/\/www.homecarealgarve.com\/pt-pt\/wp-json\/wp\/v2\/users\/1"}],"replies":[{"embeddable":true,"href":"https:\/\/www.homecarealgarve.com\/pt-pt\/wp-json\/wp\/v2\/comments?post=3248"}],"version-history":[{"count":14,"href":"https:\/\/www.homecarealgarve.com\/pt-pt\/wp-json\/wp\/v2\/pages\/3248\/revisions"}],"predecessor-version":[{"id":3254,"href":"https:\/\/www.homecarealgarve.com\/pt-pt\/wp-json\/wp\/v2\/pages\/3248\/revisions\/3254"}],"wp:attachment":[{"href":"https:\/\/www.homecarealgarve.com\/pt-pt\/wp-json\/wp\/v2\/media?parent=3248"}],"curies":[{"name":"wp","href":"https:\/\/api.w.org\/{rel}","templated":true}]}}