{"id":3237,"date":"2021-10-08T13:43:20","date_gmt":"2021-10-08T13:43:20","guid":{"rendered":"https:\/\/www.homecarealgarve.com\/pet-care-sitter\/"},"modified":"2021-10-14T11:49:52","modified_gmt":"2021-10-14T11:49:52","slug":"pet-care-sitter","status":"publish","type":"page","link":"https:\/\/www.homecarealgarve.com\/pt-pt\/pet-care-sitter\/","title":{"rendered":"Cuidado\/ Apoio a Animais Dom\u00e9sticos"},"content":{"rendered":"[vc_row srcare_custom_class=&#8221;section-content-block&#8221; wiz_custom_class=&#8221;section-content-block section-cta&#8221; el_class=&#8221;no-bottom-padding&#8221;][vc_column]<div class=\"row\" >\r\n<div class=\"col-md-6 col-sm-6 col-xs-12 \">\r\n  <div class=\"gallery-box\">\r\n    <img loading=\"lazy\" decoding=\"async\" width=\"1061\" height=\"707\" src=\"https:\/\/www.homecarealgarve.com\/wp-content\/uploads\/2021\/10\/23.png\" class=\"attachment-full size-full\" alt=\"\" srcset=\"https:\/\/www.homecarealgarve.com\/wp-content\/uploads\/2021\/10\/23.png 1061w, https:\/\/www.homecarealgarve.com\/wp-content\/uploads\/2021\/10\/23-300x200.png 300w, https:\/\/www.homecarealgarve.com\/wp-content\/uploads\/2021\/10\/23-1024x682.png 1024w, https:\/\/www.homecarealgarve.com\/wp-content\/uploads\/2021\/10\/23-768x512.png 768w, https:\/\/www.homecarealgarve.com\/wp-content\/uploads\/2021\/10\/23-645x430.png 645w, https:\/\/www.homecarealgarve.com\/wp-content\/uploads\/2021\/10\/23-600x400.png 600w\" sizes=\"auto, (max-width: 1061px) 100vw, 1061px\" \/>    <ul class=\"gallery-icon-container\">\r\n      <li>\r\n        <a class=\"gallery-light-box\" data-gall=\"myGallery\" href=\"https:\/\/www.homecarealgarve.com\/wp-content\/uploads\/2021\/10\/23.png\">\r\n          <i class=\"fa fa-instagram\"><\/i>\r\n        <\/a>\r\n      <\/li>\r\n    <\/ul>\r\n  <\/div>\r\n<\/div>\r\n\r\n\r\n<div class=\"col-md-6 col-sm-6 col-xs-12 \">\r\n  <div class=\"gallery-box\">\r\n    <img loading=\"lazy\" decoding=\"async\" width=\"1061\" height=\"707\" src=\"https:\/\/www.homecarealgarve.com\/wp-content\/uploads\/2021\/10\/24.png\" class=\"attachment-full size-full\" alt=\"\" srcset=\"https:\/\/www.homecarealgarve.com\/wp-content\/uploads\/2021\/10\/24.png 1061w, https:\/\/www.homecarealgarve.com\/wp-content\/uploads\/2021\/10\/24-300x200.png 300w, https:\/\/www.homecarealgarve.com\/wp-content\/uploads\/2021\/10\/24-1024x682.png 1024w, https:\/\/www.homecarealgarve.com\/wp-content\/uploads\/2021\/10\/24-768x512.png 768w, https:\/\/www.homecarealgarve.com\/wp-content\/uploads\/2021\/10\/24-645x430.png 645w, https:\/\/www.homecarealgarve.com\/wp-content\/uploads\/2021\/10\/24-600x400.png 600w\" sizes=\"auto, (max-width: 1061px) 100vw, 1061px\" \/>    <ul class=\"gallery-icon-container\">\r\n      <li>\r\n        <a class=\"gallery-light-box\" data-gall=\"myGallery\" href=\"https:\/\/www.homecarealgarve.com\/wp-content\/uploads\/2021\/10\/24.png\">\r\n          <i class=\"fa fa-instagram\"><\/i>\r\n        <\/a>\r\n      <\/li>\r\n    <\/ul>\r\n  <\/div>\r\n<\/div>\r\n\r\n<\/div>[vc_column_text]A fam\u00edlia n\u00e3o \u00e9 apenas do tipo humano, mas tamb\u00e9m do tipo peludo. Oferecemos ajuda para cuidar dos seus animais de estima\u00e7\u00e3o em casa. Por exemplo, os c\u00e3es precisam de ser passeados ou escovados e muitas coisas mais. H\u00e1 animais de estima\u00e7\u00e3o de todas as formas e tamanhos. Diga-nos qual \u00e9 o seu e n\u00f3s ajudaremos.[\/vc_column_text][\/vc_column][\/vc_row][vc_row srcare_custom_class=&#8221;section-content-block&#8221; wiz_custom_class=&#8221;section-content-block section-cta&#8221; css=&#8221;.vc_custom_1633696815777{background-color: #edf0f2 !important;}&#8221; el_class=&#8221;no-bottom-padding&#8221;][vc_column][vc_row_inner][vc_column_inner]<div class=\"col-lg-7 col-md-7 col-sm-12 text-left  cta-layout-4\">\r\n                            <h2>Sabia?<br \/>\nNOSSOS\/AS CUIDADORES EST\u00c3O C\u00c1 PARA AJUDAR 7 DIAS POR SEMANA!<\/h2>\r\n                            <p>Sabemos que cuidar \u00e9 um compromisso, por isso estamos sempre c\u00e1 para o ajudar.<\/p>\r\n                            <a href=\"https:\/\/www.homecarealgarve.com\/pt-pt\/#home_contact\" class=\"btn btn-theme\">CONTACTE-NOS<\/a>\r\n                        <\/div>\r\n                        \r\n                        <div class=\"col-lg-5 col-md-5 hidden-sm hidden-xs\">\r\n                            <figure class=\"cta-img\">\r\n                                <img decoding=\"async\" src=\"https:\/\/www.homecarealgarve.com\/wp-content\/uploads\/2021\/10\/cta_img_1.png\" alt=\"image\" \/>\r\n                            <\/figure> <!-- end .cause-img  -->\r\n                        <\/div>[\/vc_column_inner][\/vc_row_inner][\/vc_column][\/vc_row]\n","protected":false},"excerpt":{"rendered":"<p>[vc_row srcare_custom_class=&#8221;section-content-block&#8221; wiz_custom_class=&#8221;section-content-block section-cta&#8221; el_class=&#8221;no-bottom-padding&#8221;][vc_column][vc_column_text]A fam\u00edlia n\u00e3o \u00e9 apenas do tipo humano, mas tamb\u00e9m do tipo peludo. Oferecemos ajuda para cuidar dos seus animais de estima\u00e7\u00e3o em casa. Por exemplo, [&hellip;]<\/p>\n","protected":false},"author":1,"featured_media":0,"parent":0,"menu_order":0,"comment_status":"closed","ping_status":"closed","template":"template-fullwidth.php","meta":{"footnotes":""},"class_list":["post-3237","page","type-page","status-publish","hentry"],"jetpack_sharing_enabled":true,"_links":{"self":[{"href":"https:\/\/www.homecarealgarve.com\/pt-pt\/wp-json\/wp\/v2\/pages\/3237","targetHints":{"allow":["GET"]}}],"collection":[{"href":"https:\/\/www.homecarealgarve.com\/pt-pt\/wp-json\/wp\/v2\/pages"}],"about":[{"href":"https:\/\/www.homecarealgarve.com\/pt-pt\/wp-json\/wp\/v2\/types\/page"}],"author":[{"embeddable":true,"href":"https:\/\/www.homecarealgarve.com\/pt-pt\/wp-json\/wp\/v2\/users\/1"}],"replies":[{"embeddable":true,"href":"https:\/\/www.homecarealgarve.com\/pt-pt\/wp-json\/wp\/v2\/comments?post=3237"}],"version-history":[{"count":5,"href":"https:\/\/www.homecarealgarve.com\/pt-pt\/wp-json\/wp\/v2\/pages\/3237\/revisions"}],"predecessor-version":[{"id":3344,"href":"https:\/\/www.homecarealgarve.com\/pt-pt\/wp-json\/wp\/v2\/pages\/3237\/revisions\/3344"}],"wp:attachment":[{"href":"https:\/\/www.homecarealgarve.com\/pt-pt\/wp-json\/wp\/v2\/media?parent=3237"}],"curies":[{"name":"wp","href":"https:\/\/api.w.org\/{rel}","templated":true}]}}