{"id":3201,"date":"2017-01-14T16:50:24","date_gmt":"2017-01-14T16:50:24","guid":{"rendered":"https:\/\/www.homecarealgarve.com\/services\/"},"modified":"2021-10-15T09:53:38","modified_gmt":"2021-10-15T09:53:38","slug":"services","status":"publish","type":"page","link":"https:\/\/www.homecarealgarve.com\/pt-pt\/services\/","title":{"rendered":"SERVI\u00c7OS"},"content":{"rendered":"[vc_row srcare_custom_class=&#8221;section-content-block&#8221; css=&#8221;.vc_custom_1516024666922{background-image: url(http:\/\/wp.bwlthemes.com\/wp_srcare\/wp-content\/uploads\/2018\/01\/service_bg_2.jpg?id=2144) !important;background-position: center !important;background-repeat: no-repeat !important;background-size: cover !important;}&#8221;][vc_column]<div class=\"row section-heading-wrapper\">\r\n                            <div class=\"col-md-12 col-sm-12 text-left\">\r\n                                <h2 class=\"section-heading\" >OS NOSSOS SERVI\u00c7OS<\/h2>\r\n                                <h4 class=\"section-subheading\">Onde quer que viva no Algarve, estamos c\u00e1 para ajudar nas suas necessidades de sa\u00fade e de assist\u00eancia social.<\/h4>\r\n                            <\/div>\r\n                        <\/div><div class=\"row\" ><div class=\"col-md-4 col-sm-6 col-xs-12\">\r\n                                  <div class=\"service-layout-1 \" >\r\n                                     <a href=\"https:\/\/www.homecarealgarve.com\/pt-pt\/companion-care-plan\/\" class=\"service-img-box\">\r\n                                        <figure class=\"service-img\">\r\n                                            <img loading=\"lazy\" decoding=\"async\" width=\"2560\" height=\"1707\" src=\"https:\/\/www.homecarealgarve.com\/wp-content\/uploads\/2021\/10\/4-1-scaled.jpg\" class=\"attachment-full size-full\" alt=\"\" srcset=\"https:\/\/www.homecarealgarve.com\/wp-content\/uploads\/2021\/10\/4-1-scaled.jpg 2560w, https:\/\/www.homecarealgarve.com\/wp-content\/uploads\/2021\/10\/4-1-300x200.jpg 300w, https:\/\/www.homecarealgarve.com\/wp-content\/uploads\/2021\/10\/4-1-1024x683.jpg 1024w, https:\/\/www.homecarealgarve.com\/wp-content\/uploads\/2021\/10\/4-1-768x512.jpg 768w, https:\/\/www.homecarealgarve.com\/wp-content\/uploads\/2021\/10\/4-1-1536x1024.jpg 1536w, https:\/\/www.homecarealgarve.com\/wp-content\/uploads\/2021\/10\/4-1-2048x1365.jpg 2048w, https:\/\/www.homecarealgarve.com\/wp-content\/uploads\/2021\/10\/4-1-645x430.jpg 645w, https:\/\/www.homecarealgarve.com\/wp-content\/uploads\/2021\/10\/4-1-1320x880.jpg 1320w, https:\/\/www.homecarealgarve.com\/wp-content\/uploads\/2021\/10\/4-1-600x400.jpg 600w\" sizes=\"auto, (max-width: 2560px) 100vw, 2560px\" \/>\r\n                                        <\/figure> <!-- end .cause-img  -->\r\n                                      <\/a>\r\n\r\n                                        <article class=\"service-info\">\r\n\r\n                                            <h2> <a href=\"https:\/\/www.homecarealgarve.com\/pt-pt\/companion-care-plan\/\" >Plano de Companhia<\/a><\/h2>\r\n                                            <p>A escolha perfeita para quem precisa de ajuda em casa<\/p>\r\n\r\n                                        <\/article>\r\n\r\n                                <\/div>\r\n                              <\/div><div class=\"col-md-4 col-sm-6 col-xs-12\">\r\n                                  <div class=\"service-layout-1 \" >\r\n                                     <a href=\"https:\/\/www.homecarealgarve.com\/pt-pt\/personal-care-plan\/\" class=\"service-img-box\">\r\n                                        <figure class=\"service-img\">\r\n                                            <img loading=\"lazy\" decoding=\"async\" width=\"1500\" height=\"1000\" src=\"https:\/\/www.homecarealgarve.com\/wp-content\/uploads\/2021\/10\/6-1.jpg\" class=\"attachment-full size-full\" alt=\"\" srcset=\"https:\/\/www.homecarealgarve.com\/wp-content\/uploads\/2021\/10\/6-1.jpg 1500w, https:\/\/www.homecarealgarve.com\/wp-content\/uploads\/2021\/10\/6-1-300x200.jpg 300w, https:\/\/www.homecarealgarve.com\/wp-content\/uploads\/2021\/10\/6-1-1024x683.jpg 1024w, https:\/\/www.homecarealgarve.com\/wp-content\/uploads\/2021\/10\/6-1-768x512.jpg 768w, https:\/\/www.homecarealgarve.com\/wp-content\/uploads\/2021\/10\/6-1-645x430.jpg 645w, https:\/\/www.homecarealgarve.com\/wp-content\/uploads\/2021\/10\/6-1-1320x880.jpg 1320w, https:\/\/www.homecarealgarve.com\/wp-content\/uploads\/2021\/10\/6-1-600x400.jpg 600w\" sizes=\"auto, (max-width: 1500px) 100vw, 1500px\" \/>\r\n                                        <\/figure> <!-- end .cause-img  -->\r\n                                      <\/a>\r\n\r\n                                        <article class=\"service-info\">\r\n\r\n                                            <h2> <a href=\"https:\/\/www.homecarealgarve.com\/pt-pt\/personal-care-plan\/\" >Plano de Cuidados Pessoais<\/a><\/h2>\r\n                                            <p>Companhia mais aux\u00edlio no banho, a aranjar-se e na mobilidade<\/p>\r\n\r\n                                        <\/article>\r\n\r\n                                <\/div>\r\n                              <\/div><div class=\"col-md-4 col-sm-6 col-xs-12\">\r\n                                  <div class=\"service-layout-1 \" >\r\n                                     <a href=\"https:\/\/www.homecarealgarve.com\/pt-pt\/live-in-care-plan\/\" class=\"service-img-box\">\r\n                                        <figure class=\"service-img\">\r\n                                            <img loading=\"lazy\" decoding=\"async\" width=\"1900\" height=\"1267\" src=\"https:\/\/www.homecarealgarve.com\/wp-content\/uploads\/2016\/11\/service_medical_care.jpg\" class=\"attachment-full size-full\" alt=\"Service\" srcset=\"https:\/\/www.homecarealgarve.com\/wp-content\/uploads\/2016\/11\/service_medical_care.jpg 1900w, https:\/\/www.homecarealgarve.com\/wp-content\/uploads\/2016\/11\/service_medical_care-600x400.jpg 600w\" sizes=\"auto, (max-width: 1900px) 100vw, 1900px\" \/>\r\n                                        <\/figure> <!-- end .cause-img  -->\r\n                                      <\/a>\r\n\r\n                                        <article class=\"service-info\">\r\n\r\n                                            <h2> <a href=\"https:\/\/www.homecarealgarve.com\/pt-pt\/live-in-care-plan\/\" >Apoio Domicili\u00e1rio a Tempo Inteiro<\/a><\/h2>\r\n                                            <p>Uma solu\u00e7\u00e3o organizada em torno da pessoa e a fam\u00edlia<\/p>\r\n\r\n                                        <\/article>\r\n\r\n                                <\/div>\r\n                              <\/div><div class=\"col-md-4 col-sm-6 col-xs-12\">\r\n                                  <div class=\"service-layout-1 \" >\r\n                                     <a href=\"https:\/\/www.homecarealgarve.com\/pt-pt\/respite-care-plan\/\" class=\"service-img-box\">\r\n                                        <figure class=\"service-img\">\r\n                                            <img loading=\"lazy\" decoding=\"async\" width=\"2121\" height=\"1414\" src=\"https:\/\/www.homecarealgarve.com\/wp-content\/uploads\/2021\/10\/16.jpg\" class=\"attachment-full size-full\" alt=\"\" srcset=\"https:\/\/www.homecarealgarve.com\/wp-content\/uploads\/2021\/10\/16.jpg 2121w, https:\/\/www.homecarealgarve.com\/wp-content\/uploads\/2021\/10\/16-300x200.jpg 300w, https:\/\/www.homecarealgarve.com\/wp-content\/uploads\/2021\/10\/16-1024x683.jpg 1024w, https:\/\/www.homecarealgarve.com\/wp-content\/uploads\/2021\/10\/16-768x512.jpg 768w, https:\/\/www.homecarealgarve.com\/wp-content\/uploads\/2021\/10\/16-1536x1024.jpg 1536w, https:\/\/www.homecarealgarve.com\/wp-content\/uploads\/2021\/10\/16-2048x1365.jpg 2048w, https:\/\/www.homecarealgarve.com\/wp-content\/uploads\/2021\/10\/16-645x430.jpg 645w, https:\/\/www.homecarealgarve.com\/wp-content\/uploads\/2021\/10\/16-1320x880.jpg 1320w, https:\/\/www.homecarealgarve.com\/wp-content\/uploads\/2021\/10\/16-600x400.jpg 600w\" sizes=\"auto, (max-width: 2121px) 100vw, 2121px\" \/>\r\n                                        <\/figure> <!-- end .cause-img  -->\r\n                                      <\/a>\r\n\r\n                                        <article class=\"service-info\">\r\n\r\n                                            <h2> <a href=\"https:\/\/www.homecarealgarve.com\/pt-pt\/respite-care-plan\/\" >Cuidadores de Substitui\u00e7\u00e3o<\/a><\/h2>\r\n                                            <p>Um plano que d\u00e1 aos cuidadores uma pausa<\/p>\r\n\r\n                                        <\/article>\r\n\r\n                                <\/div>\r\n                              <\/div><div class=\"col-md-4 col-sm-6 col-xs-12\">\r\n                                  <div class=\"service-layout-1 \" >\r\n                                     <a href=\"https:\/\/www.homecarealgarve.com\/pt-pt\/special-needs-care-plan\/\" class=\"service-img-box\">\r\n                                        <figure class=\"service-img\">\r\n                                            <img loading=\"lazy\" decoding=\"async\" width=\"2121\" height=\"1414\" src=\"https:\/\/www.homecarealgarve.com\/wp-content\/uploads\/2021\/10\/8.jpg\" class=\"attachment-full size-full\" alt=\"\" srcset=\"https:\/\/www.homecarealgarve.com\/wp-content\/uploads\/2021\/10\/8.jpg 2121w, https:\/\/www.homecarealgarve.com\/wp-content\/uploads\/2021\/10\/8-300x200.jpg 300w, https:\/\/www.homecarealgarve.com\/wp-content\/uploads\/2021\/10\/8-1024x683.jpg 1024w, https:\/\/www.homecarealgarve.com\/wp-content\/uploads\/2021\/10\/8-768x512.jpg 768w, https:\/\/www.homecarealgarve.com\/wp-content\/uploads\/2021\/10\/8-1536x1024.jpg 1536w, https:\/\/www.homecarealgarve.com\/wp-content\/uploads\/2021\/10\/8-2048x1365.jpg 2048w, https:\/\/www.homecarealgarve.com\/wp-content\/uploads\/2021\/10\/8-645x430.jpg 645w, https:\/\/www.homecarealgarve.com\/wp-content\/uploads\/2021\/10\/8-1320x880.jpg 1320w, https:\/\/www.homecarealgarve.com\/wp-content\/uploads\/2021\/10\/8-600x400.jpg 600w\" sizes=\"auto, (max-width: 2121px) 100vw, 2121px\" \/>\r\n                                        <\/figure> <!-- end .cause-img  -->\r\n                                      <\/a>\r\n\r\n                                        <article class=\"service-info\">\r\n\r\n                                            <h2> <a href=\"https:\/\/www.homecarealgarve.com\/pt-pt\/special-needs-care-plan\/\" >Cuidados para Necessidades Especiais<\/a><\/h2>\r\n                                            <p>Um plano personalizado para necessidades especiais<\/p>\r\n\r\n                                        <\/article>\r\n\r\n                                <\/div>\r\n                              <\/div><div class=\"col-md-4 col-sm-6 col-xs-12\">\r\n                                  <div class=\"service-layout-1 \" >\r\n                                     <a href=\"https:\/\/www.homecarealgarve.com\/pt-pt\/holiday-care-plan\/\" class=\"service-img-box\">\r\n                                        <figure class=\"service-img\">\r\n                                            <img loading=\"lazy\" decoding=\"async\" width=\"2560\" height=\"1442\" src=\"https:\/\/www.homecarealgarve.com\/wp-content\/uploads\/2021\/10\/18.jpg\" class=\"attachment-full size-full\" alt=\"\" srcset=\"https:\/\/www.homecarealgarve.com\/wp-content\/uploads\/2021\/10\/18.jpg 2560w, https:\/\/www.homecarealgarve.com\/wp-content\/uploads\/2021\/10\/18-300x169.jpg 300w, https:\/\/www.homecarealgarve.com\/wp-content\/uploads\/2021\/10\/18-1024x577.jpg 1024w, https:\/\/www.homecarealgarve.com\/wp-content\/uploads\/2021\/10\/18-768x433.jpg 768w, https:\/\/www.homecarealgarve.com\/wp-content\/uploads\/2021\/10\/18-1536x865.jpg 1536w, https:\/\/www.homecarealgarve.com\/wp-content\/uploads\/2021\/10\/18-2048x1154.jpg 2048w, https:\/\/www.homecarealgarve.com\/wp-content\/uploads\/2021\/10\/18-763x430.jpg 763w, https:\/\/www.homecarealgarve.com\/wp-content\/uploads\/2021\/10\/18-1320x744.jpg 1320w, https:\/\/www.homecarealgarve.com\/wp-content\/uploads\/2021\/10\/18-600x338.jpg 600w\" sizes=\"auto, (max-width: 2560px) 100vw, 2560px\" \/>\r\n                                        <\/figure> <!-- end .cause-img  -->\r\n                                      <\/a>\r\n\r\n                                        <article class=\"service-info\">\r\n\r\n                                            <h2> <a href=\"https:\/\/www.homecarealgarve.com\/pt-pt\/holiday-care-plan\/\" >Apoio em Tempo de F\u00e9rias<\/a><\/h2>\r\n                                            <p>Um cuidador pessoal para f\u00e9rias e viagens<\/p>\r\n\r\n                                        <\/article>\r\n\r\n                                <\/div>\r\n                              <\/div><div class=\"col-md-4 col-sm-6 col-xs-12\">\r\n                                  <div class=\"service-layout-1 \" >\r\n                                     <a href=\"https:\/\/www.homecarealgarve.com\/pt-pt\/learn-how-to-care\/\" class=\"service-img-box\">\r\n                                        <figure class=\"service-img\">\r\n                                            <img loading=\"lazy\" decoding=\"async\" width=\"2560\" height=\"1706\" src=\"https:\/\/www.homecarealgarve.com\/wp-content\/uploads\/2021\/10\/10-scaled.jpg\" class=\"attachment-full size-full\" alt=\"\" srcset=\"https:\/\/www.homecarealgarve.com\/wp-content\/uploads\/2021\/10\/10-scaled.jpg 2560w, https:\/\/www.homecarealgarve.com\/wp-content\/uploads\/2021\/10\/10-300x200.jpg 300w, https:\/\/www.homecarealgarve.com\/wp-content\/uploads\/2021\/10\/10-1024x682.jpg 1024w, https:\/\/www.homecarealgarve.com\/wp-content\/uploads\/2021\/10\/10-768x512.jpg 768w, https:\/\/www.homecarealgarve.com\/wp-content\/uploads\/2021\/10\/10-1536x1024.jpg 1536w, https:\/\/www.homecarealgarve.com\/wp-content\/uploads\/2021\/10\/10-2048x1365.jpg 2048w, https:\/\/www.homecarealgarve.com\/wp-content\/uploads\/2021\/10\/10-645x430.jpg 645w, https:\/\/www.homecarealgarve.com\/wp-content\/uploads\/2021\/10\/10-1320x880.jpg 1320w, https:\/\/www.homecarealgarve.com\/wp-content\/uploads\/2021\/10\/10-600x400.jpg 600w\" sizes=\"auto, (max-width: 2560px) 100vw, 2560px\" \/>\r\n                                        <\/figure> <!-- end .cause-img  -->\r\n                                      <\/a>\r\n\r\n                                        <article class=\"service-info\">\r\n\r\n                                            <h2> <a href=\"https:\/\/www.homecarealgarve.com\/pt-pt\/learn-how-to-care\/\" >Forma\u00e7\u00e3o de Cuidadores Eventuais<\/a><\/h2>\r\n                                            <p>Fornece cuidados pessoais de alta qualidade<\/p>\r\n\r\n                                        <\/article>\r\n\r\n                                <\/div>\r\n                              <\/div><div class=\"col-md-4 col-sm-6 col-xs-12\">\r\n                                  <div class=\"service-layout-1 \" >\r\n                                     <a href=\"https:\/\/www.homecarealgarve.com\/pt-pt\/equipment-sales-and-rentals\/\" class=\"service-img-box\">\r\n                                        <figure class=\"service-img\">\r\n                                            <img loading=\"lazy\" decoding=\"async\" width=\"2560\" height=\"1707\" src=\"https:\/\/www.homecarealgarve.com\/wp-content\/uploads\/2021\/10\/20-scaled.jpg\" class=\"attachment-full size-full\" alt=\"\" srcset=\"https:\/\/www.homecarealgarve.com\/wp-content\/uploads\/2021\/10\/20-scaled.jpg 2560w, https:\/\/www.homecarealgarve.com\/wp-content\/uploads\/2021\/10\/20-300x200.jpg 300w, https:\/\/www.homecarealgarve.com\/wp-content\/uploads\/2021\/10\/20-1024x683.jpg 1024w, https:\/\/www.homecarealgarve.com\/wp-content\/uploads\/2021\/10\/20-768x512.jpg 768w, https:\/\/www.homecarealgarve.com\/wp-content\/uploads\/2021\/10\/20-1536x1024.jpg 1536w, https:\/\/www.homecarealgarve.com\/wp-content\/uploads\/2021\/10\/20-2048x1365.jpg 2048w, https:\/\/www.homecarealgarve.com\/wp-content\/uploads\/2021\/10\/20-645x430.jpg 645w, https:\/\/www.homecarealgarve.com\/wp-content\/uploads\/2021\/10\/20-1320x880.jpg 1320w, https:\/\/www.homecarealgarve.com\/wp-content\/uploads\/2021\/10\/20-600x400.jpg 600w\" sizes=\"auto, (max-width: 2560px) 100vw, 2560px\" \/>\r\n                                        <\/figure> <!-- end .cause-img  -->\r\n                                      <\/a>\r\n\r\n                                        <article class=\"service-info\">\r\n\r\n                                            <h2> <a href=\"https:\/\/www.homecarealgarve.com\/pt-pt\/equipment-sales-and-rentals\/\" >Venda e Aluguer de Equipamentos<\/a><\/h2>\r\n                                            <p>Fornecedores de equipamentos dom\u00e9sticos e de mobilidade<\/p>\r\n\r\n                                        <\/article>\r\n\r\n                                <\/div>\r\n                              <\/div><div class=\"col-md-4 col-sm-6 col-xs-12\">\r\n                                  <div class=\"service-layout-1 \" >\r\n                                     <a href=\"https:\/\/www.homecarealgarve.com\/pt-pt\/funeral-services\/\" class=\"service-img-box\">\r\n                                        <figure class=\"service-img\">\r\n                                            <img loading=\"lazy\" decoding=\"async\" width=\"1600\" height=\"1060\" src=\"https:\/\/www.homecarealgarve.com\/wp-content\/uploads\/2021\/10\/21.jpg\" class=\"attachment-full size-full\" alt=\"\" srcset=\"https:\/\/www.homecarealgarve.com\/wp-content\/uploads\/2021\/10\/21.jpg 1600w, https:\/\/www.homecarealgarve.com\/wp-content\/uploads\/2021\/10\/21-300x199.jpg 300w, https:\/\/www.homecarealgarve.com\/wp-content\/uploads\/2021\/10\/21-1024x678.jpg 1024w, https:\/\/www.homecarealgarve.com\/wp-content\/uploads\/2021\/10\/21-768x509.jpg 768w, https:\/\/www.homecarealgarve.com\/wp-content\/uploads\/2021\/10\/21-1536x1018.jpg 1536w, https:\/\/www.homecarealgarve.com\/wp-content\/uploads\/2021\/10\/21-649x430.jpg 649w, https:\/\/www.homecarealgarve.com\/wp-content\/uploads\/2021\/10\/21-1320x875.jpg 1320w, https:\/\/www.homecarealgarve.com\/wp-content\/uploads\/2021\/10\/21-600x398.jpg 600w\" sizes=\"auto, (max-width: 1600px) 100vw, 1600px\" \/>\r\n                                        <\/figure> <!-- end .cause-img  -->\r\n                                      <\/a>\r\n\r\n                                        <article class=\"service-info\">\r\n\r\n                                            <h2> <a href=\"https:\/\/www.homecarealgarve.com\/pt-pt\/funeral-services\/\" >Apoio Para Funerais<\/a><\/h2>\r\n                                            <p>Servi\u00e7os de repatria\u00e7\u00e3o, enterro e crema\u00e7\u00e3o<\/p>\r\n\r\n                                        <\/article>\r\n\r\n                                <\/div>\r\n                              <\/div><div class=\"col-md-4 col-sm-6 col-xs-12\">\r\n                                  <div class=\"service-layout-1 \" >\r\n                                     <a href=\"https:\/\/www.homecarealgarve.com\/pt-pt\/pet-care-sitter\/\" class=\"service-img-box\">\r\n                                        <figure class=\"service-img\">\r\n                                            <img loading=\"lazy\" decoding=\"async\" width=\"2500\" height=\"1669\" src=\"https:\/\/www.homecarealgarve.com\/wp-content\/uploads\/2021\/10\/24.jpg\" class=\"attachment-full size-full\" alt=\"\" srcset=\"https:\/\/www.homecarealgarve.com\/wp-content\/uploads\/2021\/10\/24.jpg 2500w, https:\/\/www.homecarealgarve.com\/wp-content\/uploads\/2021\/10\/24-300x200.jpg 300w, https:\/\/www.homecarealgarve.com\/wp-content\/uploads\/2021\/10\/24-1024x684.jpg 1024w, https:\/\/www.homecarealgarve.com\/wp-content\/uploads\/2021\/10\/24-768x513.jpg 768w, https:\/\/www.homecarealgarve.com\/wp-content\/uploads\/2021\/10\/24-1536x1025.jpg 1536w, https:\/\/www.homecarealgarve.com\/wp-content\/uploads\/2021\/10\/24-2048x1367.jpg 2048w, https:\/\/www.homecarealgarve.com\/wp-content\/uploads\/2021\/10\/24-644x430.jpg 644w, https:\/\/www.homecarealgarve.com\/wp-content\/uploads\/2021\/10\/24-1320x881.jpg 1320w, https:\/\/www.homecarealgarve.com\/wp-content\/uploads\/2021\/10\/24-600x401.jpg 600w\" sizes=\"auto, (max-width: 2500px) 100vw, 2500px\" \/>\r\n                                        <\/figure> <!-- end .cause-img  -->\r\n                                      <\/a>\r\n\r\n                                        <article class=\"service-info\">\r\n\r\n                                            <h2> <a href=\"https:\/\/www.homecarealgarve.com\/pt-pt\/pet-care-sitter\/\" >Cuidado\/ Apoio a Animais Dom\u00e9sticos<\/a><\/h2>\r\n                                            <p>Solu\u00e7\u00f5es para animais de estima\u00e7\u00e3o<\/p>\r\n\r\n                                        <\/article>\r\n\r\n                                <\/div>\r\n                              <\/div><div class=\"col-md-4 col-sm-6 col-xs-12\">\r\n                                  <div class=\"service-layout-1 \" >\r\n                                     <a href=\"https:\/\/www.homecarealgarve.com\/pt-pt\/extra-services\/\" class=\"service-img-box\">\r\n                                        <figure class=\"service-img\">\r\n                                            <img loading=\"lazy\" decoding=\"async\" width=\"2560\" height=\"1707\" src=\"https:\/\/www.homecarealgarve.com\/wp-content\/uploads\/2021\/10\/26-scaled.jpg\" class=\"attachment-full size-full\" alt=\"\" srcset=\"https:\/\/www.homecarealgarve.com\/wp-content\/uploads\/2021\/10\/26-scaled.jpg 2560w, https:\/\/www.homecarealgarve.com\/wp-content\/uploads\/2021\/10\/26-300x200.jpg 300w, https:\/\/www.homecarealgarve.com\/wp-content\/uploads\/2021\/10\/26-1024x683.jpg 1024w, https:\/\/www.homecarealgarve.com\/wp-content\/uploads\/2021\/10\/26-768x512.jpg 768w, https:\/\/www.homecarealgarve.com\/wp-content\/uploads\/2021\/10\/26-1536x1024.jpg 1536w, https:\/\/www.homecarealgarve.com\/wp-content\/uploads\/2021\/10\/26-2048x1365.jpg 2048w, https:\/\/www.homecarealgarve.com\/wp-content\/uploads\/2021\/10\/26-645x430.jpg 645w, https:\/\/www.homecarealgarve.com\/wp-content\/uploads\/2021\/10\/26-1320x880.jpg 1320w, https:\/\/www.homecarealgarve.com\/wp-content\/uploads\/2021\/10\/26-600x400.jpg 600w\" sizes=\"auto, (max-width: 2560px) 100vw, 2560px\" \/>\r\n                                        <\/figure> <!-- end .cause-img  -->\r\n                                      <\/a>\r\n\r\n                                        <article class=\"service-info\">\r\n\r\n                                            <h2> <a href=\"https:\/\/www.homecarealgarve.com\/pt-pt\/extra-services\/\" >Servi\u00e7os Extras<\/a><\/h2>\r\n                                            <p>Servi\u00e7os de suporte suplementar<\/p>\r\n\r\n                                        <\/article>\r\n\r\n                                <\/div>\r\n                              <\/div><\/div>[\/vc_column][\/vc_row][vc_row srcare_custom_class=&#8221;section-content-block&#8221; wiz_custom_class=&#8221;section-content-block section-cta&#8221; el_class=&#8221;no-bottom-padding&#8221; css=&#8221;.vc_custom_1532435330360{background-color: #edf0f2 !important;}&#8221;][vc_column css_animation=&#8221;appear&#8221;][vc_row_inner][vc_column_inner]<div class=\"col-lg-7 col-md-7 col-sm-12 text-left  cta-layout-4\">\r\n                            <h2>Sabia?<br \/>\nNOSSOS\/AS CUIDADORES EST\u00c3O C\u00c1 PARA AJUDAR 7 DIAS POR SEMANA!<\/h2>\r\n                            <p>Sabemos que cuidar \u00e9 um compromisso, por isso estamos sempre c\u00e1 para o ajudar.<\/p>\r\n                            <a href=\"https:\/\/www.homecarealgarve.com\/#home_contact\" class=\"btn btn-theme\">CONTACTE-NOS<\/a>\r\n                        <\/div>\r\n                        \r\n                        <div class=\"col-lg-5 col-md-5 hidden-sm hidden-xs\">\r\n                            <figure class=\"cta-img\">\r\n                                <img decoding=\"async\" src=\"https:\/\/www.homecarealgarve.com\/wp-content\/uploads\/2018\/01\/cta_img_1.png\" alt=\"image\" \/>\r\n                            <\/figure> <!-- end .cause-img  -->\r\n                        <\/div>[\/vc_column_inner][\/vc_row_inner][\/vc_column][\/vc_row]\n","protected":false},"excerpt":{"rendered":"<p>[vc_row srcare_custom_class=&#8221;section-content-block&#8221; css=&#8221;.vc_custom_1516024666922{background-image: url(http:\/\/wp.bwlthemes.com\/wp_srcare\/wp-content\/uploads\/2018\/01\/service_bg_2.jpg?id=2144) !important;background-position: center !important;background-repeat: no-repeat !important;background-size: cover !important;}&#8221;][vc_column][\/vc_column][\/vc_row][vc_row srcare_custom_class=&#8221;section-content-block&#8221; wiz_custom_class=&#8221;section-content-block section-cta&#8221; el_class=&#8221;no-bottom-padding&#8221; css=&#8221;.vc_custom_1532435330360{background-color: #edf0f2 !important;}&#8221;][vc_column css_animation=&#8221;appear&#8221;][vc_row_inner][vc_column_inner][\/vc_column_inner][\/vc_row_inner][\/vc_column][\/vc_row]<\/p>\n","protected":false},"author":1,"featured_media":0,"parent":0,"menu_order":0,"comment_status":"closed","ping_status":"closed","template":"template-fullwidth.php","meta":{"footnotes":""},"class_list":["post-3201","page","type-page","status-publish","hentry"],"jetpack_sharing_enabled":true,"_links":{"self":[{"href":"https:\/\/www.homecarealgarve.com\/pt-pt\/wp-json\/wp\/v2\/pages\/3201","targetHints":{"allow":["GET"]}}],"collection":[{"href":"https:\/\/www.homecarealgarve.com\/pt-pt\/wp-json\/wp\/v2\/pages"}],"about":[{"href":"https:\/\/www.homecarealgarve.com\/pt-pt\/wp-json\/wp\/v2\/types\/page"}],"author":[{"embeddable":true,"href":"https:\/\/www.homecarealgarve.com\/pt-pt\/wp-json\/wp\/v2\/users\/1"}],"replies":[{"embeddable":true,"href":"https:\/\/www.homecarealgarve.com\/pt-pt\/wp-json\/wp\/v2\/comments?post=3201"}],"version-history":[{"count":25,"href":"https:\/\/www.homecarealgarve.com\/pt-pt\/wp-json\/wp\/v2\/pages\/3201\/revisions"}],"predecessor-version":[{"id":3391,"href":"https:\/\/www.homecarealgarve.com\/pt-pt\/wp-json\/wp\/v2\/pages\/3201\/revisions\/3391"}],"wp:attachment":[{"href":"https:\/\/www.homecarealgarve.com\/pt-pt\/wp-json\/wp\/v2\/media?parent=3201"}],"curies":[{"name":"wp","href":"https:\/\/api.w.org\/{rel}","templated":true}]}}