{"id":3156,"date":"2021-10-08T13:50:19","date_gmt":"2021-10-08T13:50:19","guid":{"rendered":"https:\/\/www.homecarealgarve.com\/extra-services\/"},"modified":"2021-10-14T11:51:52","modified_gmt":"2021-10-14T11:51:52","slug":"extra-services","status":"publish","type":"page","link":"https:\/\/www.homecarealgarve.com\/pt-pt\/extra-services\/","title":{"rendered":"Servi\u00e7os Extras"},"content":{"rendered":"[vc_row srcare_custom_class=&#8221;section-content-block&#8221; wiz_custom_class=&#8221;section-content-block section-cta&#8221; el_class=&#8221;no-bottom-padding&#8221;][vc_column]<div class=\"row\" >\r\n<div class=\"col-md-6 col-sm-6 col-xs-12 \">\r\n  <div class=\"gallery-box\">\r\n    <img loading=\"lazy\" decoding=\"async\" width=\"1061\" height=\"707\" src=\"https:\/\/www.homecarealgarve.com\/wp-content\/uploads\/2021\/10\/26.png\" class=\"attachment-full size-full\" alt=\"\" srcset=\"https:\/\/www.homecarealgarve.com\/wp-content\/uploads\/2021\/10\/26.png 1061w, https:\/\/www.homecarealgarve.com\/wp-content\/uploads\/2021\/10\/26-300x200.png 300w, https:\/\/www.homecarealgarve.com\/wp-content\/uploads\/2021\/10\/26-1024x682.png 1024w, https:\/\/www.homecarealgarve.com\/wp-content\/uploads\/2021\/10\/26-768x512.png 768w, https:\/\/www.homecarealgarve.com\/wp-content\/uploads\/2021\/10\/26-645x430.png 645w, https:\/\/www.homecarealgarve.com\/wp-content\/uploads\/2021\/10\/26-600x400.png 600w\" sizes=\"auto, (max-width: 1061px) 100vw, 1061px\" \/>    <ul class=\"gallery-icon-container\">\r\n      <li>\r\n        <a class=\"gallery-light-box\" data-gall=\"myGallery\" href=\"https:\/\/www.homecarealgarve.com\/wp-content\/uploads\/2021\/10\/26.png\">\r\n          <i class=\"fa fa-instagram\"><\/i>\r\n        <\/a>\r\n      <\/li>\r\n    <\/ul>\r\n  <\/div>\r\n<\/div>\r\n\r\n\r\n<div class=\"col-md-6 col-sm-6 col-xs-12 \">\r\n  <div class=\"gallery-box\">\r\n    <img loading=\"lazy\" decoding=\"async\" width=\"1061\" height=\"707\" src=\"https:\/\/www.homecarealgarve.com\/wp-content\/uploads\/2021\/10\/25.png\" class=\"attachment-full size-full\" alt=\"\" srcset=\"https:\/\/www.homecarealgarve.com\/wp-content\/uploads\/2021\/10\/25.png 1061w, https:\/\/www.homecarealgarve.com\/wp-content\/uploads\/2021\/10\/25-300x200.png 300w, https:\/\/www.homecarealgarve.com\/wp-content\/uploads\/2021\/10\/25-1024x682.png 1024w, https:\/\/www.homecarealgarve.com\/wp-content\/uploads\/2021\/10\/25-768x512.png 768w, https:\/\/www.homecarealgarve.com\/wp-content\/uploads\/2021\/10\/25-645x430.png 645w, https:\/\/www.homecarealgarve.com\/wp-content\/uploads\/2021\/10\/25-600x400.png 600w\" sizes=\"auto, (max-width: 1061px) 100vw, 1061px\" \/>    <ul class=\"gallery-icon-container\">\r\n      <li>\r\n        <a class=\"gallery-light-box\" data-gall=\"myGallery\" href=\"https:\/\/www.homecarealgarve.com\/wp-content\/uploads\/2021\/10\/25.png\">\r\n          <i class=\"fa fa-instagram\"><\/i>\r\n        <\/a>\r\n      <\/li>\r\n    <\/ul>\r\n  <\/div>\r\n<\/div>\r\n\r\n<\/div>[vc_column_text]Todos os servi\u00e7os extras podem acompanhar os planos de cuidados. Muitos servi\u00e7os extras podem ser necess\u00e1rios enquanto vive em sua casa. Simplificamos isso e organizamos o atendimento para qualquer servi\u00e7o que possa precisar.<\/p>\n<p>Temos um leque de profissionais de sa\u00fade para acompanhar qualquer plano: m\u00e9dicos, especialistas, enfermeiros, fisioterapeutas, medicinas alternativas, dentistas, osteopatas, massagistas e muito mais.<\/p>\n<p>As necessidades b\u00e1sicas do agregado familiar tamb\u00e9m fazem parte dos nossos servi\u00e7os. Podem ser Compras, Jardinagem, Limpeza de Piscinas, Manuten\u00e7\u00e3o da casa, etc.<\/p>\n<p>Um servi\u00e7o pessoal \u00fatil que tamb\u00e9m oferecemos \u00e9 a administra\u00e7\u00e3o do escrit\u00f3rio para toda a sua correspond\u00eancia e papelada. Ajuda com correspond\u00eancia banc\u00e1ria e m\u00e9dica, finan\u00e7as, etc.[\/vc_column_text][\/vc_column][\/vc_row][vc_row srcare_custom_class=&#8221;section-content-block&#8221; wiz_custom_class=&#8221;section-content-block section-cta&#8221; css=&#8221;.vc_custom_1633696815777{background-color: #edf0f2 !important;}&#8221; el_class=&#8221;no-bottom-padding&#8221;][vc_column][vc_row_inner][vc_column_inner]<div class=\"col-lg-7 col-md-7 col-sm-12 text-left  cta-layout-4\">\r\n                            <h2>Sabia?<br \/>\nNOSSOS\/AS CUIDADORES EST\u00c3O C\u00c1 PARA AJUDAR 7 DIAS POR SEMANA!<\/h2>\r\n                            <p>Sabemos que cuidar \u00e9 um compromisso, por isso estamos sempre c\u00e1 para o ajudar.<\/p>\r\n                            <a href=\"https:\/\/www.homecarealgarve.com\/pt-pt\/#home_contact\" class=\"btn btn-theme\">CONTACTE-NOS<\/a>\r\n                        <\/div>\r\n                        \r\n                        <div class=\"col-lg-5 col-md-5 hidden-sm hidden-xs\">\r\n                            <figure class=\"cta-img\">\r\n                                <img decoding=\"async\" src=\"https:\/\/www.homecarealgarve.com\/wp-content\/uploads\/2021\/10\/cta_img_1.png\" alt=\"image\" \/>\r\n                            <\/figure> <!-- end .cause-img  -->\r\n                        <\/div>[\/vc_column_inner][\/vc_row_inner][\/vc_column][\/vc_row]\n","protected":false},"excerpt":{"rendered":"<p>[vc_row srcare_custom_class=&#8221;section-content-block&#8221; wiz_custom_class=&#8221;section-content-block section-cta&#8221; el_class=&#8221;no-bottom-padding&#8221;][vc_column][vc_column_text]Todos os servi\u00e7os extras podem acompanhar os planos de cuidados. Muitos servi\u00e7os extras podem ser necess\u00e1rios enquanto vive em sua casa. Simplificamos isso e organizamos o [&hellip;]<\/p>\n","protected":false},"author":1,"featured_media":0,"parent":0,"menu_order":0,"comment_status":"closed","ping_status":"closed","template":"template-fullwidth.php","meta":{"footnotes":""},"class_list":["post-3156","page","type-page","status-publish","hentry"],"jetpack_sharing_enabled":true,"_links":{"self":[{"href":"https:\/\/www.homecarealgarve.com\/pt-pt\/wp-json\/wp\/v2\/pages\/3156","targetHints":{"allow":["GET"]}}],"collection":[{"href":"https:\/\/www.homecarealgarve.com\/pt-pt\/wp-json\/wp\/v2\/pages"}],"about":[{"href":"https:\/\/www.homecarealgarve.com\/pt-pt\/wp-json\/wp\/v2\/types\/page"}],"author":[{"embeddable":true,"href":"https:\/\/www.homecarealgarve.com\/pt-pt\/wp-json\/wp\/v2\/users\/1"}],"replies":[{"embeddable":true,"href":"https:\/\/www.homecarealgarve.com\/pt-pt\/wp-json\/wp\/v2\/comments?post=3156"}],"version-history":[{"count":6,"href":"https:\/\/www.homecarealgarve.com\/pt-pt\/wp-json\/wp\/v2\/pages\/3156\/revisions"}],"predecessor-version":[{"id":3345,"href":"https:\/\/www.homecarealgarve.com\/pt-pt\/wp-json\/wp\/v2\/pages\/3156\/revisions\/3345"}],"wp:attachment":[{"href":"https:\/\/www.homecarealgarve.com\/pt-pt\/wp-json\/wp\/v2\/media?parent=3156"}],"curies":[{"name":"wp","href":"https:\/\/api.w.org\/{rel}","templated":true}]}}