{"id":3139,"date":"2021-10-08T13:39:03","date_gmt":"2021-10-08T13:39:03","guid":{"rendered":"https:\/\/www.homecarealgarve.com\/learn-how-to-care\/"},"modified":"2021-10-14T11:46:48","modified_gmt":"2021-10-14T11:46:48","slug":"learn-how-to-care","status":"publish","type":"page","link":"https:\/\/www.homecarealgarve.com\/pt-pt\/learn-how-to-care\/","title":{"rendered":"Forma\u00e7\u00e3o de Cuidadores Eventuais"},"content":{"rendered":"[vc_row srcare_custom_class=&#8221;section-content-block&#8221; wiz_custom_class=&#8221;section-content-block section-cta&#8221; el_class=&#8221;no-bottom-padding&#8221;][vc_column]<div class=\"row\" >\r\n<div class=\"col-md-6 col-sm-6 col-xs-12 \">\r\n  <div class=\"gallery-box\">\r\n    <img loading=\"lazy\" decoding=\"async\" width=\"2560\" height=\"1707\" src=\"https:\/\/www.homecarealgarve.com\/wp-content\/uploads\/2021\/10\/2.jpeg\" class=\"attachment-full size-full\" alt=\"\" srcset=\"https:\/\/www.homecarealgarve.com\/wp-content\/uploads\/2021\/10\/2.jpeg 2560w, https:\/\/www.homecarealgarve.com\/wp-content\/uploads\/2021\/10\/2-300x200.jpeg 300w, https:\/\/www.homecarealgarve.com\/wp-content\/uploads\/2021\/10\/2-1024x683.jpeg 1024w, https:\/\/www.homecarealgarve.com\/wp-content\/uploads\/2021\/10\/2-768x512.jpeg 768w, https:\/\/www.homecarealgarve.com\/wp-content\/uploads\/2021\/10\/2-1536x1024.jpeg 1536w, https:\/\/www.homecarealgarve.com\/wp-content\/uploads\/2021\/10\/2-2048x1366.jpeg 2048w, https:\/\/www.homecarealgarve.com\/wp-content\/uploads\/2021\/10\/2-645x430.jpeg 645w, https:\/\/www.homecarealgarve.com\/wp-content\/uploads\/2021\/10\/2-1320x880.jpeg 1320w, https:\/\/www.homecarealgarve.com\/wp-content\/uploads\/2021\/10\/2-600x400.jpeg 600w\" sizes=\"auto, (max-width: 2560px) 100vw, 2560px\" \/>    <ul class=\"gallery-icon-container\">\r\n      <li>\r\n        <a class=\"gallery-light-box\" data-gall=\"myGallery\" href=\"https:\/\/www.homecarealgarve.com\/wp-content\/uploads\/2021\/10\/2.jpeg\">\r\n          <i class=\"fa fa-instagram\"><\/i>\r\n        <\/a>\r\n      <\/li>\r\n    <\/ul>\r\n  <\/div>\r\n<\/div>\r\n\r\n\r\n<div class=\"col-md-6 col-sm-6 col-xs-12 \">\r\n  <div class=\"gallery-box\">\r\n    <img loading=\"lazy\" decoding=\"async\" width=\"2560\" height=\"1706\" src=\"https:\/\/www.homecarealgarve.com\/wp-content\/uploads\/2021\/10\/10-scaled.jpg\" class=\"attachment-full size-full\" alt=\"\" srcset=\"https:\/\/www.homecarealgarve.com\/wp-content\/uploads\/2021\/10\/10-scaled.jpg 2560w, https:\/\/www.homecarealgarve.com\/wp-content\/uploads\/2021\/10\/10-300x200.jpg 300w, https:\/\/www.homecarealgarve.com\/wp-content\/uploads\/2021\/10\/10-1024x682.jpg 1024w, https:\/\/www.homecarealgarve.com\/wp-content\/uploads\/2021\/10\/10-768x512.jpg 768w, https:\/\/www.homecarealgarve.com\/wp-content\/uploads\/2021\/10\/10-1536x1024.jpg 1536w, https:\/\/www.homecarealgarve.com\/wp-content\/uploads\/2021\/10\/10-2048x1365.jpg 2048w, https:\/\/www.homecarealgarve.com\/wp-content\/uploads\/2021\/10\/10-645x430.jpg 645w, https:\/\/www.homecarealgarve.com\/wp-content\/uploads\/2021\/10\/10-1320x880.jpg 1320w, https:\/\/www.homecarealgarve.com\/wp-content\/uploads\/2021\/10\/10-600x400.jpg 600w\" sizes=\"auto, (max-width: 2560px) 100vw, 2560px\" \/>    <ul class=\"gallery-icon-container\">\r\n      <li>\r\n        <a class=\"gallery-light-box\" data-gall=\"myGallery\" href=\"https:\/\/www.homecarealgarve.com\/wp-content\/uploads\/2021\/10\/10-scaled.jpg\">\r\n          <i class=\"fa fa-instagram\"><\/i>\r\n        <\/a>\r\n      <\/li>\r\n    <\/ul>\r\n  <\/div>\r\n<\/div>\r\n\r\n<\/div>[vc_column_text]Por vezes, certas circunst\u00e2ncias podem coloc\u00e1-lo no papel de cuidador sem que tenha ideia por onde come\u00e7ar. Cuidar de um ente querido ou necessitado sem o conhecimento pode ser muito dif\u00edcil, portanto, permita-nos ajud\u00e1-lo e fornecer um servi\u00e7o para gui\u00e1-lo pessoalmente nesse momento.<\/p>\n<p>Podemos ir ter consigo e fornecer algumas orienta\u00e7\u00f5es e instru\u00e7\u00f5es para ajud\u00e1-lo com os cuidados. N\u00e3o importa quais sejam as circunst\u00e2ncias, passaremos algum tempo consigo, durante alguns dias, se necess\u00e1rio. Em seguida, poder\u00e1 ver as formas corretas de manuseio e mobilidade ou cuidados pessoais. Adquirir\u00e1 a confian\u00e7a necess\u00e1ria para ajudar com facilidade. Saber\u00e1 que estamos \u00e0 dist\u00e2ncia de um telefonema quando precisar discutir qualquer assunto ou se precisar de ajuda. Esta \u00e9 uma etapa b\u00e1sica para ajud\u00e1-lo a come\u00e7ar a cuidar de seu ente querido ou amigo e n\u00f3s seremos o seu guia.[\/vc_column_text][\/vc_column][\/vc_row][vc_row srcare_custom_class=&#8221;section-content-block&#8221; wiz_custom_class=&#8221;section-content-block section-cta&#8221; css=&#8221;.vc_custom_1633696815777{background-color: #edf0f2 !important;}&#8221; el_class=&#8221;no-bottom-padding&#8221;][vc_column][vc_row_inner][vc_column_inner]<div class=\"col-lg-7 col-md-7 col-sm-12 text-left  cta-layout-4\">\r\n                            <h2>Sabia?<br \/>\nNOSSOS\/AS CUIDADORES EST\u00c3O C\u00c1 PARA AJUDAR 7 DIAS POR SEMANA!<\/h2>\r\n                            <p>Sabemos que cuidar \u00e9 um compromisso, por isso estamos sempre c\u00e1 para o ajudar.<\/p>\r\n                            <a href=\"https:\/\/www.homecarealgarve.com\/pt-pt\/#home_contact\" class=\"btn btn-theme\">CONTACTE-NOS<\/a>\r\n                        <\/div>\r\n                        \r\n                        <div class=\"col-lg-5 col-md-5 hidden-sm hidden-xs\">\r\n                            <figure class=\"cta-img\">\r\n                                <img decoding=\"async\" src=\"https:\/\/www.homecarealgarve.com\/wp-content\/uploads\/2021\/10\/cta_img_1.png\" alt=\"image\" \/>\r\n                            <\/figure> <!-- end .cause-img  -->\r\n                        <\/div>[\/vc_column_inner][\/vc_row_inner][\/vc_column][\/vc_row]\n","protected":false},"excerpt":{"rendered":"<p>[vc_row srcare_custom_class=&#8221;section-content-block&#8221; wiz_custom_class=&#8221;section-content-block section-cta&#8221; el_class=&#8221;no-bottom-padding&#8221;][vc_column][vc_column_text]Por vezes, certas circunst\u00e2ncias podem coloc\u00e1-lo no papel de cuidador sem que tenha ideia por onde come\u00e7ar. Cuidar de um ente querido ou necessitado sem o [&hellip;]<\/p>\n","protected":false},"author":1,"featured_media":0,"parent":0,"menu_order":0,"comment_status":"closed","ping_status":"closed","template":"template-fullwidth.php","meta":{"footnotes":""},"class_list":["post-3139","page","type-page","status-publish","hentry"],"jetpack_sharing_enabled":true,"_links":{"self":[{"href":"https:\/\/www.homecarealgarve.com\/pt-pt\/wp-json\/wp\/v2\/pages\/3139","targetHints":{"allow":["GET"]}}],"collection":[{"href":"https:\/\/www.homecarealgarve.com\/pt-pt\/wp-json\/wp\/v2\/pages"}],"about":[{"href":"https:\/\/www.homecarealgarve.com\/pt-pt\/wp-json\/wp\/v2\/types\/page"}],"author":[{"embeddable":true,"href":"https:\/\/www.homecarealgarve.com\/pt-pt\/wp-json\/wp\/v2\/users\/1"}],"replies":[{"embeddable":true,"href":"https:\/\/www.homecarealgarve.com\/pt-pt\/wp-json\/wp\/v2\/comments?post=3139"}],"version-history":[{"count":6,"href":"https:\/\/www.homecarealgarve.com\/pt-pt\/wp-json\/wp\/v2\/pages\/3139\/revisions"}],"predecessor-version":[{"id":3340,"href":"https:\/\/www.homecarealgarve.com\/pt-pt\/wp-json\/wp\/v2\/pages\/3139\/revisions\/3340"}],"wp:attachment":[{"href":"https:\/\/www.homecarealgarve.com\/pt-pt\/wp-json\/wp\/v2\/media?parent=3139"}],"curies":[{"name":"wp","href":"https:\/\/api.w.org\/{rel}","templated":true}]}}