{"id":3105,"date":"2021-10-08T13:35:17","date_gmt":"2021-10-08T13:35:17","guid":{"rendered":"https:\/\/www.homecarealgarve.com\/live-in-care-plan\/"},"modified":"2021-10-14T11:41:33","modified_gmt":"2021-10-14T11:41:33","slug":"live-in-care-plan","status":"publish","type":"page","link":"https:\/\/www.homecarealgarve.com\/pt-pt\/live-in-care-plan\/","title":{"rendered":"Apoio Domicili\u00e1rio a Tempo Inteiro"},"content":{"rendered":"[vc_row srcare_custom_class=&#8221;section-content-block&#8221; wiz_custom_class=&#8221;section-content-block section-cta&#8221; el_class=&#8221;no-bottom-padding&#8221;][vc_column]<div class=\"row\" >\r\n<div class=\"col-md-6 col-sm-6 col-xs-12 \">\r\n  <div class=\"gallery-box\">\r\n    <img loading=\"lazy\" decoding=\"async\" width=\"1061\" height=\"707\" src=\"https:\/\/www.homecarealgarve.com\/wp-content\/uploads\/2021\/10\/11-scaled-1.png\" class=\"attachment-full size-full\" alt=\"\" srcset=\"https:\/\/www.homecarealgarve.com\/wp-content\/uploads\/2021\/10\/11-scaled-1.png 1061w, https:\/\/www.homecarealgarve.com\/wp-content\/uploads\/2021\/10\/11-scaled-1-300x200.png 300w, https:\/\/www.homecarealgarve.com\/wp-content\/uploads\/2021\/10\/11-scaled-1-1024x682.png 1024w, https:\/\/www.homecarealgarve.com\/wp-content\/uploads\/2021\/10\/11-scaled-1-768x512.png 768w, https:\/\/www.homecarealgarve.com\/wp-content\/uploads\/2021\/10\/11-scaled-1-645x430.png 645w, https:\/\/www.homecarealgarve.com\/wp-content\/uploads\/2021\/10\/11-scaled-1-600x400.png 600w\" sizes=\"auto, (max-width: 1061px) 100vw, 1061px\" \/>    <ul class=\"gallery-icon-container\">\r\n      <li>\r\n        <a class=\"gallery-light-box\" data-gall=\"myGallery\" href=\"https:\/\/www.homecarealgarve.com\/wp-content\/uploads\/2021\/10\/11-scaled-1.png\">\r\n          <i class=\"fa fa-instagram\"><\/i>\r\n        <\/a>\r\n      <\/li>\r\n    <\/ul>\r\n  <\/div>\r\n<\/div>\r\n\r\n\r\n<div class=\"col-md-6 col-sm-6 col-xs-12 \">\r\n  <div class=\"gallery-box\">\r\n    <img loading=\"lazy\" decoding=\"async\" width=\"1061\" height=\"707\" src=\"https:\/\/www.homecarealgarve.com\/wp-content\/uploads\/2021\/10\/17.png\" class=\"attachment-full size-full\" alt=\"\" srcset=\"https:\/\/www.homecarealgarve.com\/wp-content\/uploads\/2021\/10\/17.png 1061w, https:\/\/www.homecarealgarve.com\/wp-content\/uploads\/2021\/10\/17-300x200.png 300w, https:\/\/www.homecarealgarve.com\/wp-content\/uploads\/2021\/10\/17-1024x682.png 1024w, https:\/\/www.homecarealgarve.com\/wp-content\/uploads\/2021\/10\/17-768x512.png 768w, https:\/\/www.homecarealgarve.com\/wp-content\/uploads\/2021\/10\/17-645x430.png 645w, https:\/\/www.homecarealgarve.com\/wp-content\/uploads\/2021\/10\/17-600x400.png 600w\" sizes=\"auto, (max-width: 1061px) 100vw, 1061px\" \/>    <ul class=\"gallery-icon-container\">\r\n      <li>\r\n        <a class=\"gallery-light-box\" data-gall=\"myGallery\" href=\"https:\/\/www.homecarealgarve.com\/wp-content\/uploads\/2021\/10\/17.png\">\r\n          <i class=\"fa fa-instagram\"><\/i>\r\n        <\/a>\r\n      <\/li>\r\n    <\/ul>\r\n  <\/div>\r\n<\/div>\r\n\r\n<\/div>[vc_column_text]O Plano de Apoio Domicili\u00e1rio a tempo Inteiro oferece uma solu\u00e7\u00e3o que \u00e9 organizada em torno da pessoa e das necessidades da sua fam\u00edlia. Os cuidadores manter\u00e3o o seu conforto, sa\u00fade e seguran\u00e7a para garantir que seja capaz de viver em sua pr\u00f3pria casa com tudo o que precisa, desde ajudar no banho, vestir, cozinhar, lavar roupa, medica\u00e7\u00e3o e limpeza.<\/p>\n<p>O apoio domicili\u00e1rio a tempo inteiro \u00e9 a solu\u00e7\u00e3o perfeita para ter companhia em casa oferecendo toda a ajuda e suporte de que precisa. N\u00e3o s\u00f3 em casa, mas tamb\u00e9m nos passeios e atividades. Um\/a cuidador\/a que viva em casa oferece uma alternativa \u00e0 ida para uma casa de repouso ou lar. O nosso objetivo \u00e9 encontrar cuidadores compat\u00edveis que se adaptem \u00e0 fam\u00edlia e ao lar. Este plano d\u00e1 seguran\u00e7a \u00e0 fam\u00edlia que confia no\/a cuidador\/a, que se enquadra como um amigo da fam\u00edlia, fornecendo todos os servi\u00e7os de apoio e cuidados necess\u00e1rios.<\/p>\n<p>O plano d\u00e1 \u00e0s fam\u00edlias a certeza de que seus entes queridos s\u00e3o totalmente cuidados, especialmente se houver dist\u00e2ncia entre eles. Oferecemos tranquilidade e a fam\u00edlia ser\u00e1 atualizada sempre que solicitado podendo manter o contacto em qualquer momento.<\/p>\n<p>O plano de apoio domicili\u00e1rio a tempo inteiro \u00e9 a solu\u00e7\u00e3o mais vers\u00e1til para permitir que permane\u00e7a independente a viver no seu lar.[\/vc_column_text][\/vc_column][\/vc_row][vc_row srcare_custom_class=&#8221;section-content-block&#8221; wiz_custom_class=&#8221;section-content-block section-cta&#8221; css=&#8221;.vc_custom_1633707611010{background-color: #edf0f2 !important;}&#8221; el_class=&#8221;no-bottom-padding&#8221;][vc_column][vc_row_inner][vc_column_inner]<div class=\"col-lg-7 col-md-7 col-sm-12 text-left  cta-layout-4\">\r\n                            <h2>Sabia?<br \/>\nNOSSOS\/AS CUIDADORES EST\u00c3O C\u00c1 PARA AJUDAR 7 DIAS POR SEMANA!<\/h2>\r\n                            <p>Sabemos que cuidar \u00e9 um compromisso, por isso estamos sempre c\u00e1 para o ajudar.<\/p>\r\n                            <a href=\"https:\/\/www.homecarealgarve.com\/pt-pt\/#home_contact\" class=\"btn btn-theme\">CONTACTE-NOS<\/a>\r\n                        <\/div>\r\n                        \r\n                        <div class=\"col-lg-5 col-md-5 hidden-sm hidden-xs\">\r\n                            <figure class=\"cta-img\">\r\n                                <img decoding=\"async\" src=\"https:\/\/www.homecarealgarve.com\/wp-content\/uploads\/2021\/10\/cta_img_1.png\" alt=\"image\" \/>\r\n                            <\/figure> <!-- end .cause-img  -->\r\n                        <\/div>[\/vc_column_inner][\/vc_row_inner][\/vc_column][\/vc_row]\n","protected":false},"excerpt":{"rendered":"<p>[vc_row srcare_custom_class=&#8221;section-content-block&#8221; wiz_custom_class=&#8221;section-content-block section-cta&#8221; el_class=&#8221;no-bottom-padding&#8221;][vc_column][vc_column_text]O Plano de Apoio Domicili\u00e1rio a tempo Inteiro oferece uma solu\u00e7\u00e3o que \u00e9 organizada em torno da pessoa e das necessidades da sua fam\u00edlia. Os cuidadores [&hellip;]<\/p>\n","protected":false},"author":1,"featured_media":0,"parent":0,"menu_order":0,"comment_status":"closed","ping_status":"closed","template":"template-fullwidth.php","meta":{"footnotes":""},"class_list":["post-3105","page","type-page","status-publish","hentry"],"jetpack_sharing_enabled":true,"_links":{"self":[{"href":"https:\/\/www.homecarealgarve.com\/pt-pt\/wp-json\/wp\/v2\/pages\/3105","targetHints":{"allow":["GET"]}}],"collection":[{"href":"https:\/\/www.homecarealgarve.com\/pt-pt\/wp-json\/wp\/v2\/pages"}],"about":[{"href":"https:\/\/www.homecarealgarve.com\/pt-pt\/wp-json\/wp\/v2\/types\/page"}],"author":[{"embeddable":true,"href":"https:\/\/www.homecarealgarve.com\/pt-pt\/wp-json\/wp\/v2\/users\/1"}],"replies":[{"embeddable":true,"href":"https:\/\/www.homecarealgarve.com\/pt-pt\/wp-json\/wp\/v2\/comments?post=3105"}],"version-history":[{"count":9,"href":"https:\/\/www.homecarealgarve.com\/pt-pt\/wp-json\/wp\/v2\/pages\/3105\/revisions"}],"predecessor-version":[{"id":3335,"href":"https:\/\/www.homecarealgarve.com\/pt-pt\/wp-json\/wp\/v2\/pages\/3105\/revisions\/3335"}],"wp:attachment":[{"href":"https:\/\/www.homecarealgarve.com\/pt-pt\/wp-json\/wp\/v2\/media?parent=3105"}],"curies":[{"name":"wp","href":"https:\/\/api.w.org\/{rel}","templated":true}]}}