{"id":3092,"date":"2021-10-08T08:47:50","date_gmt":"2021-10-08T08:47:50","guid":{"rendered":"https:\/\/www.homecarealgarve.com\/personal-care-plan\/"},"modified":"2021-10-14T11:40:23","modified_gmt":"2021-10-14T11:40:23","slug":"personal-care-plan","status":"publish","type":"page","link":"https:\/\/www.homecarealgarve.com\/pt-pt\/personal-care-plan\/","title":{"rendered":"Plano de Cuidados Pessoais"},"content":{"rendered":"[vc_row srcare_custom_class=&#8221;section-content-block&#8221; wiz_custom_class=&#8221;section-content-block section-cta&#8221; el_class=&#8221;no-bottom-padding&#8221;][vc_column]<div class=\"row\" >\r\n<div class=\"col-md-6 col-sm-6 col-xs-12 \">\r\n  <div class=\"gallery-box\">\r\n    <img loading=\"lazy\" decoding=\"async\" width=\"2560\" height=\"1707\" src=\"https:\/\/www.homecarealgarve.com\/wp-content\/uploads\/2021\/10\/4-2-scaled.jpg\" class=\"attachment-full size-full\" alt=\"\" srcset=\"https:\/\/www.homecarealgarve.com\/wp-content\/uploads\/2021\/10\/4-2-scaled.jpg 2560w, https:\/\/www.homecarealgarve.com\/wp-content\/uploads\/2021\/10\/4-2-300x200.jpg 300w, https:\/\/www.homecarealgarve.com\/wp-content\/uploads\/2021\/10\/4-2-1024x683.jpg 1024w, https:\/\/www.homecarealgarve.com\/wp-content\/uploads\/2021\/10\/4-2-768x512.jpg 768w, https:\/\/www.homecarealgarve.com\/wp-content\/uploads\/2021\/10\/4-2-1536x1024.jpg 1536w, https:\/\/www.homecarealgarve.com\/wp-content\/uploads\/2021\/10\/4-2-2048x1365.jpg 2048w, https:\/\/www.homecarealgarve.com\/wp-content\/uploads\/2021\/10\/4-2-645x430.jpg 645w, https:\/\/www.homecarealgarve.com\/wp-content\/uploads\/2021\/10\/4-2-1320x880.jpg 1320w, https:\/\/www.homecarealgarve.com\/wp-content\/uploads\/2021\/10\/4-2-600x400.jpg 600w\" sizes=\"auto, (max-width: 2560px) 100vw, 2560px\" \/>    <ul class=\"gallery-icon-container\">\r\n      <li>\r\n        <a class=\"gallery-light-box\" data-gall=\"myGallery\" href=\"https:\/\/www.homecarealgarve.com\/wp-content\/uploads\/2021\/10\/4-2-scaled.jpg\">\r\n          <i class=\"fa fa-instagram\"><\/i>\r\n        <\/a>\r\n      <\/li>\r\n    <\/ul>\r\n  <\/div>\r\n<\/div>\r\n\r\n\r\n<div class=\"col-md-6 col-sm-6 col-xs-12 \">\r\n  <div class=\"gallery-box\">\r\n    <img loading=\"lazy\" decoding=\"async\" width=\"1500\" height=\"1000\" src=\"https:\/\/www.homecarealgarve.com\/wp-content\/uploads\/2021\/10\/6.jpg\" class=\"attachment-full size-full\" alt=\"\" srcset=\"https:\/\/www.homecarealgarve.com\/wp-content\/uploads\/2021\/10\/6.jpg 1500w, https:\/\/www.homecarealgarve.com\/wp-content\/uploads\/2021\/10\/6-300x200.jpg 300w, https:\/\/www.homecarealgarve.com\/wp-content\/uploads\/2021\/10\/6-1024x683.jpg 1024w, https:\/\/www.homecarealgarve.com\/wp-content\/uploads\/2021\/10\/6-768x512.jpg 768w, https:\/\/www.homecarealgarve.com\/wp-content\/uploads\/2021\/10\/6-645x430.jpg 645w, https:\/\/www.homecarealgarve.com\/wp-content\/uploads\/2021\/10\/6-1320x880.jpg 1320w, https:\/\/www.homecarealgarve.com\/wp-content\/uploads\/2021\/10\/6-600x400.jpg 600w\" sizes=\"auto, (max-width: 1500px) 100vw, 1500px\" \/>    <ul class=\"gallery-icon-container\">\r\n      <li>\r\n        <a class=\"gallery-light-box\" data-gall=\"myGallery\" href=\"https:\/\/www.homecarealgarve.com\/wp-content\/uploads\/2021\/10\/6.jpg\">\r\n          <i class=\"fa fa-instagram\"><\/i>\r\n        <\/a>\r\n      <\/li>\r\n    <\/ul>\r\n  <\/div>\r\n<\/div>\r\n\r\n<\/div>[vc_column_text]O Plano de Cuidados Pessoais inclui as fun\u00e7\u00f5es do Plano de Cuidados de Companhia e tamb\u00e9m aux\u00edlio no banho, a vestir, a aranjar-se e na mobilidade. Os cuidados pessoais podem ser a escolha correta para indiv\u00edduos com mais dificuldades f\u00edsicas e\/ou mentais.<\/p>\n<p>O Plano de Cuidados Pessoais \u00e9 personalizado para cada pessoa. Este plano \u00e9 para quem tem dificuldades de mobilidade e for\u00e7a. Pode ser uma doen\u00e7a de longa dura\u00e7\u00e3o em recupera\u00e7\u00e3o de problemas de sa\u00fade. Prestamos um servi\u00e7o personalizado feito com tranquilidade. Este plano pode ser feito conforme e quando necess\u00e1rio para atender quaisquer necessidades.<\/p>\n<h3>Este plano inclui:<\/h3>\n<ul>\n<li>Cuidados de higiene pessoal<\/li>\n<li>Dar banho<\/li>\n<li>Asseio\/ pentear\/ arranjar-se<\/li>\n<li>Vestir<\/li>\n<li>Mobilidade<\/li>\n<li>Atividades<\/li>\n<li>Al\u00e9m de todos os servi\u00e7os do Plano de Companhia<\/li>\n<\/ul>\n[\/vc_column_text][\/vc_column][\/vc_row][vc_row srcare_custom_class=&#8221;section-content-block&#8221; wiz_custom_class=&#8221;section-content-block section-cta&#8221; css=&#8221;.vc_custom_1633704297416{background-color: #f9fafb !important;}&#8221; el_class=&#8221;no-bottom-padding&#8221;][vc_column][vc_row_inner][vc_column_inner]<div class=\"col-lg-7 col-md-7 col-sm-12 text-left  cta-layout-4\">\r\n                            <h2>Sabia?<br \/>\nNOSSOS\/AS CUIDADORES EST\u00c3O C\u00c1 PARA AJUDAR 7 DIAS POR SEMANA!<\/h2>\r\n                            <p>Sabemos que cuidar \u00e9 um compromisso, por isso estamos sempre c\u00e1 para o ajudar.<\/p>\r\n                            <a href=\"https:\/\/www.homecarealgarve.com\/pt-pt\/#home_contact\" class=\"btn btn-theme\">CONTACTE-NOS<\/a>\r\n                        <\/div>\r\n                        \r\n                        <div class=\"col-lg-5 col-md-5 hidden-sm hidden-xs\">\r\n                            <figure class=\"cta-img\">\r\n                                <img decoding=\"async\" src=\"https:\/\/www.homecarealgarve.com\/wp-content\/uploads\/2021\/10\/cta_img_1.png\" alt=\"image\" \/>\r\n                            <\/figure> <!-- end .cause-img  -->\r\n                        <\/div>[\/vc_column_inner][\/vc_row_inner][\/vc_column][\/vc_row]\n","protected":false},"excerpt":{"rendered":"<p>[vc_row srcare_custom_class=&#8221;section-content-block&#8221; wiz_custom_class=&#8221;section-content-block section-cta&#8221; el_class=&#8221;no-bottom-padding&#8221;][vc_column][vc_column_text]O Plano de Cuidados Pessoais inclui as fun\u00e7\u00f5es do Plano de Cuidados de Companhia e tamb\u00e9m aux\u00edlio no banho, a vestir, a aranjar-se e na mobilidade. [&hellip;]<\/p>\n","protected":false},"author":1,"featured_media":0,"parent":0,"menu_order":0,"comment_status":"closed","ping_status":"closed","template":"template-fullwidth.php","meta":{"footnotes":""},"class_list":["post-3092","page","type-page","status-publish","hentry"],"jetpack_sharing_enabled":true,"_links":{"self":[{"href":"https:\/\/www.homecarealgarve.com\/pt-pt\/wp-json\/wp\/v2\/pages\/3092","targetHints":{"allow":["GET"]}}],"collection":[{"href":"https:\/\/www.homecarealgarve.com\/pt-pt\/wp-json\/wp\/v2\/pages"}],"about":[{"href":"https:\/\/www.homecarealgarve.com\/pt-pt\/wp-json\/wp\/v2\/types\/page"}],"author":[{"embeddable":true,"href":"https:\/\/www.homecarealgarve.com\/pt-pt\/wp-json\/wp\/v2\/users\/1"}],"replies":[{"embeddable":true,"href":"https:\/\/www.homecarealgarve.com\/pt-pt\/wp-json\/wp\/v2\/comments?post=3092"}],"version-history":[{"count":9,"href":"https:\/\/www.homecarealgarve.com\/pt-pt\/wp-json\/wp\/v2\/pages\/3092\/revisions"}],"predecessor-version":[{"id":3334,"href":"https:\/\/www.homecarealgarve.com\/pt-pt\/wp-json\/wp\/v2\/pages\/3092\/revisions\/3334"}],"wp:attachment":[{"href":"https:\/\/www.homecarealgarve.com\/pt-pt\/wp-json\/wp\/v2\/media?parent=3092"}],"curies":[{"name":"wp","href":"https:\/\/api.w.org\/{rel}","templated":true}]}}